{"id":1864,"date":"2021-06-20T21:10:44","date_gmt":"2021-06-20T19:10:44","guid":{"rendered":"https:\/\/www.x-las.si\/lasersko-rezanje\/c-serija\/"},"modified":"2024-07-22T08:43:44","modified_gmt":"2024-07-22T06:43:44","slug":"c-serija","status":"publish","type":"page","link":"https:\/\/www.x-las.si\/hr\/lasersko-rezanje\/c-serija\/","title":{"rendered":"C serija"},"content":{"rendered":"<div class=\"wpb-content-wrapper\"><p>[vc_row full_width=&#8221;stretch_row_content_no_spaces&#8221;][vc_column]\n\t\t\t<!-- START C serija  HR REVOLUTION SLIDER 6.7.40 --><p class=\"rs-p-wp-fix\"><\/p>\n\t\t\t<rs-module-wrap id=\"rev_slider_20_1_wrapper\" data-source=\"gallery\" style=\"visibility:hidden;background:#212529;padding:0;margin:0px auto;margin-top:0;margin-bottom:0;\">\n\t\t\t\t<rs-module id=\"rev_slider_20_1\" style=\"\" data-version=\"6.7.40\">\n\t\t\t\t\t<rs-slides style=\"overflow: hidden; position: absolute;\">\n\t\t\t\t\t\t<rs-slide style=\"position: absolute;\" data-key=\"rs-30\" data-title=\"Slide\" data-anim=\"adpr:false;\" data-in=\"o:0;\" data-out=\"a:false;\">\n\t\t\t\t\t\t\t<img decoding=\"async\" src=\"\/\/www.x-las.si\/wp-content\/plugins\/revslider\/sr6\/assets\/assets\/dummy.png\" alt=\"\" title=\"bodor-c-serija-xlas-1\" width=\"1920\" height=\"800\" class=\"rev-slidebg tp-rs-img rs-lazyload\" data-lazyload=\"\/\/www.x-las.si\/wp-content\/uploads\/2021\/06\/bodor-c-serija-xlas-1.jpg\" data-parallax=\"off\" data-panzoom=\"d:10000;ss:100;se:100;\" data-no-retina>\n<!--\n\t\t\t\t\t\t\t--><rs-layer\n\t\t\t\t\t\t\t\tid=\"slider-20-slide-30-layer-0\" \n\t\t\t\t\t\t\t\tdata-type=\"text\"\n\t\t\t\t\t\t\t\tdata-color=\"#fff\"\n\t\t\t\t\t\t\t\tdata-xy=\"xo:320px,320px,1015px,1015px;yo:200px,200px,200px,250px;\"\n\t\t\t\t\t\t\t\tdata-text=\"w:normal;s:80,80,30,30;l:90,90,40,40;ls:-4,-4,-3,-3;fw:800;\"\n\t\t\t\t\t\t\t\tdata-dim=\"minh:0px,0px,none,none;\"\n\t\t\t\t\t\t\t\tdata-rsp_bd=\"off\"\n\t\t\t\t\t\t\t\tdata-frame_1=\"st:500;sp:500;sR:500;\"\n\t\t\t\t\t\t\t\tdata-frame_999=\"o:0;st:w;sR:8000;\"\n\t\t\t\t\t\t\t\tstyle=\"z-index:9;font-family:'Poppins';\"\n\t\t\t\t\t\t\t>C serija \n\t\t\t\t\t\t\t<\/rs-layer><!--\n\n\t\t\t\t\t\t\t--><rs-layer\n\t\t\t\t\t\t\t\tid=\"slider-20-slide-30-layer-1\" \n\t\t\t\t\t\t\t\tdata-type=\"text\"\n\t\t\t\t\t\t\t\tdata-color=\"#fff\"\n\t\t\t\t\t\t\t\tdata-rsp_ch=\"on\"\n\t\t\t\t\t\t\t\tdata-xy=\"xo:320px,320px,1015px,1015px;yo:350px,350px,450px,500px;\"\n\t\t\t\t\t\t\t\tdata-text=\"w:normal;s:30,30,45,45;l:40,40,45,45;\"\n\t\t\t\t\t\t\t\tdata-dim=\"w:354px,354px,450px,450px;minh:0px,0px,none,none;\"\n\t\t\t\t\t\t\t\tdata-frame_1=\"st:900;sp:500;sR:900;\"\n\t\t\t\t\t\t\t\tdata-frame_999=\"o:0;st:w;sR:7600;\"\n\t\t\t\t\t\t\t\tstyle=\"z-index:8;font-family:'Poppins';\"\n\t\t\t\t\t\t\t>U\u0111ite u svijet laserskog rezanja \n\t\t\t\t\t\t\t<\/rs-layer><!--\n-->\t\t\t\t\t<\/rs-slide>\n\t\t\t\t\t<\/rs-slides>\n\t\t\t\t<\/rs-module>\n\t\t\t\t<script>\n\t\t\t\t\tsetREVStartSize({c: 'rev_slider_20_1',rl:[1240,1240,778,480],el:[800,800,800,1100],gw:[1630,1630,1630,1630],gh:[800,800,800,1100],type:'standard',justify:'',layout:'fullwidth',mh:\"0\"});if (window.RS_MODULES!==undefined && window.RS_MODULES.modules!==undefined && window.RS_MODULES.modules[\"revslider201\"]!==undefined) {window.RS_MODULES.modules[\"revslider201\"].once = false;window.revapi20 = undefined;if (window.RS_MODULES.checkMinimal!==undefined) window.RS_MODULES.checkMinimal()}\n\t\t\t\t<\/script>\n\t\t\t<\/rs-module-wrap>\n\t\t\t<!-- END REVOLUTION SLIDER -->\n[\/vc_column][\/vc_row][vc_row wrap_container=&#8221;yes&#8221;][vc_column][vc_row_inner content_placement=&#8221;middle&#8221; animation_delay=&#8221;200&#8243; animation_type=&#8221;fadeInRight&#8221; css=&#8221;.vc_custom_1560189098859{padding-top: 70px !important;}&#8221;][vc_column_inner width=&#8221;2\/5&#8243;][vc_single_image image=&#8221;697&#8243; img_size=&#8221;full&#8221; el_class=&#8221;mb-0&#8243;][\/vc_column_inner][vc_column_inner width=&#8221;3\/5&#8243;][vc_custom_heading text=&#8221;Re\u017eite jednostavno, <b>kvalitetno<\/b> i ekonomi\u010dno.&#8221; font_container=&#8221;tag:h2|font_size:25px|text_align:left&#8221; use_theme_fonts=&#8221;yes&#8221; css=&#8221;.vc_custom_1624274428316{margin-bottom: 20px !important;}&#8221;][\/vc_column_inner][\/vc_row_inner][vc_row_inner content_placement=&#8221;middle&#8221; animation_delay=&#8221;600&#8243; animation_type=&#8221;fadeInRight&#8221; css=&#8221;.vc_custom_1624223416674{padding-top: 70px !important;}&#8221;][vc_column_inner][vc_custom_heading text=&#8221;<b>Za\u0161to odabrati<\/b> C model?&#8221; font_container=&#8221;tag:h2|font_size:25px|text_align:center&#8221; use_theme_fonts=&#8221;yes&#8221; css=&#8221;.vc_custom_1624224038103{margin-bottom: 20px !important;}&#8221;][vc_column_text]<\/p>\n<p style=\"text-align: center;\">\u2022 Iznimno jednostavno upravljanje<br \/>\n\u2022 Odli\u010dna kvaliteta reza razli\u010ditih materijala i debljine<br \/>\n\u2022 Mnogobrojne dodatne funkcije (automatsko fokusiranje laserske zrake, daljinsko upravljanje \u2026)<br \/>\n\u2022 Mijenjanje dva stola uvelike pobolj\u0161ava u\u010dinkovitost procesa<br \/>\n\u2022 Jednostavan pristup i maksimalna za\u0161tita u kombinaciji s privla\u010dnim dizajnom<br \/>\n\u2022 Opcijsko \u2013 automatizirano utovarne jedinice<br \/>\n\u2022 Dug \u017eivotni vijek reza\u010da<br \/>\n\u2022 CE certificiran<\/p>\n<p>[\/vc_column_text][\/vc_column_inner][\/vc_row_inner][vc_separator color=&#8221;custom&#8221; gap=&#8221;taller&#8221;][vc_row_inner content_placement=&#8221;middle&#8221; animation_delay=&#8221;200&#8243; animation_type=&#8221;fadeInLeft&#8221; css=&#8221;.vc_custom_1623746115015{margin-bottom: 40px !important;}&#8221;][vc_column_inner width=&#8221;3\/5&#8243;][vc_custom_heading text=&#8221;<b>Posebnost<\/b> C serije&#8221; font_container=&#8221;tag:h2|font_size:25px|text_align:left&#8221; use_theme_fonts=&#8221;yes&#8221; css=&#8221;.vc_custom_1624281321282{margin-bottom: 20px !important;}&#8221;][vc_column_text]Mogu\u0107nost rezanja rubova i tankih limova.[\/vc_column_text][vc_custom_heading text=&#8221;Kompaktni laserski reza\u010d <b>s maksimalnom za\u0161titom<\/b>&#8221; font_container=&#8221;tag:h2|font_size:25px|text_align:left&#8221; use_theme_fonts=&#8221;yes&#8221; css=&#8221;.vc_custom_1624224134117{margin-bottom: 20px !important;}&#8221;][vc_column_text]Do 12000 x 2500 mm radne povr\u0161ine. Laserski reza\u010d je primjeren za sve vrste rezanja.[\/vc_column_text][vc_custom_heading text=&#8221;Obrada <b>jednim klikom<\/b>&#8221; font_container=&#8221;tag:h2|font_size:25px|text_align:left&#8221; use_theme_fonts=&#8221;yes&#8221; css=&#8221;.vc_custom_1624224195016{margin-bottom: 20px !important;}&#8221;][vc_column_text]Logi\u010dne i pregledne naredbe osiguravaju jednostavno i u\u010dinkovito upravljanje lasera.[\/vc_column_text][vc_custom_heading text=&#8221;<b>Zavareni<\/b> segmenti&#8221; font_container=&#8221;tag:h2|font_size:25px|text_align:left&#8221; use_theme_fonts=&#8221;yes&#8221; css=&#8221;.vc_custom_1624224276267{margin-bottom: 20px !important;}&#8221;][vc_column_text]S to\u010dno zavarenim segmentima je dosegnuta vi\u0161a stabilnost i krutost reza\u010da.[\/vc_column_text][vc_custom_heading text=&#8221;Portal <b> iz aluminija<\/b>&#8221; font_container=&#8221;tag:h2|font_size:25px|text_align:left&#8221; use_theme_fonts=&#8221;yes&#8221; css=&#8221;.vc_custom_1624224309602{margin-bottom: 20px !important;}&#8221;][vc_column_text]\u2022 60% pove\u0107ana krutost<br \/>\n\u2022 20% smanjena te\u017eina<br \/>\n\u2022 50% pove\u0107ana dinamika reza\u010da[\/vc_column_text][\/vc_column_inner][vc_column_inner width=&#8221;2\/5&#8243;][vc_single_image image=&#8221;811&#8243; img_size=&#8221;full&#8221; alignment=&#8221;center&#8221;][vc_empty_space height=&#8221;16px&#8221;][vc_single_image image=&#8221;810&#8243; img_size=&#8221;full&#8221; alignment=&#8221;center&#8221;][\/vc_column_inner][\/vc_row_inner][\/vc_column][\/vc_row][vc_row full_width=&#8221;stretch_row_content_no_spaces&#8221; content_placement=&#8221;middle&#8221; css=&#8221;.vc_custom_1623747573816{background-image: url(https:\/\/www.x-las.si\/wp-content\/uploads\/2021\/06\/bodor-xlas-aktivno-preprecevanje-trkov-1.jpg?id=611) !important;background-position: center !important;background-repeat: no-repeat !important;background-size: cover !important;}&#8221;][vc_column width=&#8221;1\/6&#8243;][\/vc_column][vc_column width=&#8221;1\/6&#8243;][\/vc_column][vc_column width=&#8221;1\/6&#8243;][\/vc_column][vc_column width=&#8221;2\/6&#8243;][vc_empty_space height=&#8221;100px&#8221;][vc_custom_heading text=&#8221;Aktivno <b>izbjegavanje sudara<\/b>&#8221; font_container=&#8221;tag:h2|font_size:25px|text_align:left|color:%23ffffff&#8221; use_theme_fonts=&#8221;yes&#8221; animation_delay=&#8221;100&#8243; css=&#8221;.vc_custom_1624272430830{margin-bottom: 20px !important;}&#8221; animation_type=&#8221;fadeInDown&#8221;][vc_custom_heading text=&#8221;Smanjite mogu\u0107nost o\u0161te\u0107enja laserske glave, minimizirat \u0107ete tro\u0161kove odr\u017eavanja.&#8221; font_container=&#8221;tag:h3|font_size:20px|text_align:left|color:%23ffffff&#8221; use_theme_fonts=&#8221;yes&#8221; font_weight=&#8221;200&#8243; animation_delay=&#8221;100&#8243; css=&#8221;.vc_custom_1656566228968{margin-bottom: 20px !important;}&#8221; animation_type=&#8221;fadeInDown&#8221;][vc_empty_space height=&#8221;200px&#8221;][\/vc_column][vc_column width=&#8221;1\/6&#8243;][\/vc_column][\/vc_row][vc_row wrap_container=&#8221;yes&#8221;][vc_column][vc_empty_space][vc_custom_heading text=&#8221;Tehni\u010dki podaci&#8221; font_container=&#8221;tag:h2|font_size:25px|text_align:center|color:%23000000&#8243; use_theme_fonts=&#8221;yes&#8221; css=&#8221;.vc_custom_1624280921841{margin-bottom: 20px !important;}&#8221;][vc_column_text]<\/p>\n<table cellspacing=\"0\" cellpadding=\"0\">\n<tbody>\n<tr>\n<td valign=\"middle\"><strong>Model<\/strong><\/td>\n<td valign=\"middle\"><strong>C12 <\/strong><\/td>\n<td valign=\"middle\"><strong>C8 <\/strong><\/td>\n<td valign=\"middle\"><strong>C6 <\/strong><\/td>\n<td valign=\"middle\"><strong>C4 <\/strong><\/td>\n<td valign=\"middle\"><strong>C3 <\/strong><\/td>\n<\/tr>\n<tr>\n<td valign=\"middle\"><strong>Radno podru\u010dje<\/strong><\/td>\n<td valign=\"middle\">12500 mm*2600 mm<\/td>\n<td valign=\"middle\">8000 mm*2500 mm<\/td>\n<td valign=\"middle\">6100 mm*2500 mm<\/td>\n<td valign=\"middle\">4000 mm*2000 mm<\/td>\n<td valign=\"middle\">3048 mm * 1524 mm<\/td>\n<\/tr>\n<tr>\n<td valign=\"middle\"><strong>Laserski izvor<\/strong><\/td>\n<td colspan=\"2\" valign=\"middle\">40 kW\/30 kW\/22 kW\/20 kW\/12 kW\/6 kW\/3 kW<\/td>\n<td colspan=\"3\" valign=\"middle\">40 kW\/30 kW\/22 kW\/20 kW\/12 kW\/6 kW\/3 kW\/2 kW\/1,5 kW<\/td>\n<\/tr>\n<tr>\n<td valign=\"middle\"><strong>Preciznost pozicioniranja X\/Y osi <\/strong><\/td>\n<td colspan=\"5\" valign=\"middle\">\u00b10,05 mm<\/td>\n<\/tr>\n<tr>\n<td valign=\"middle\"><strong>Ponovljivost X\/Y osi<\/strong><\/td>\n<td colspan=\"5\" valign=\"middle\">\u00b10,03 mm<\/td>\n<\/tr>\n<tr>\n<td valign=\"middle\"><strong>Maksimalna brzina X\/Y osi <\/strong><\/td>\n<td colspan=\"5\" valign=\"middle\">110 m\/min<\/td>\n<\/tr>\n<tr>\n<td valign=\"middle\"><strong>Maksimalno ubrzanje X\/Y osi <\/strong><\/td>\n<td colspan=\"5\" valign=\"middle\">1.5 Mr<\/td>\n<\/tr>\n<\/tbody>\n<\/table>\n<p>[\/vc_column_text][\/vc_column][\/vc_row][vc_row][vc_column][vc_btn title=&#8221;Preuzmite PDF prezentaciju&#8221; style=&#8221;outline&#8221; align=&#8221;center&#8221; skin=&#8221;dark&#8221; link=&#8221;url:https%3A%2F%2Fwww.x-las.si%2Fwp-content%2Fuploads%2F2021%2F06%2FLETAK-C-SERIJA.pdf|title:Letak%20serije%20C|target:_blank|&#8221; el_class=&#8221;btn-style-1&#8243; animation_type=&#8221;fadeInUp&#8221;][\/vc_column][\/vc_row][vc_row][vc_column][\/vc_column][\/vc_row]<\/p>\n<\/div>","protected":false},"excerpt":{"rendered":"<p>[vc_row full_width=&#8221;stretch_row_content_no_spaces&#8221;][vc_column][\/vc_column][\/vc_row][vc_row wrap_container=&#8221;yes&#8221;][vc_column][vc_row_inner content_placement=&#8221;middle&#8221; animation_delay=&#8221;200&#8243; animation_type=&#8221;fadeInRight&#8221; css=&#8221;.vc_custom_1560189098859{padding-top: 70px !important;}&#8221;][vc_column_inner width=&#8221;2\/5&#8243;][vc_single_image image=&#8221;697&#8243; img_size=&#8221;full&#8221; el_class=&#8221;mb-0&#8243;][\/vc_column_inner][vc_column_inner width=&#8221;3\/5&#8243;][vc_custom_heading text=&#8221;Re\u017eite jednostavno, kvalitetno i ekonomi\u010dno.&#8221; font_container=&#8221;tag:h2|font_size:25px|text_align:left&#8221; use_theme_fonts=&#8221;yes&#8221; css=&#8221;.vc_custom_1624274428316{margin-bottom: 20px !important;}&#8221;][\/vc_column_inner][\/vc_row_inner][vc_row_inner content_placement=&#8221;middle&#8221; animation_delay=&#8221;600&#8243; animation_type=&#8221;fadeInRight&#8221; css=&#8221;.vc_custom_1624223416674{padding-top: 70px !important;}&#8221;][vc_column_inner][vc_custom_heading text=&#8221;Za\u0161to odabrati C model?&#8221; font_container=&#8221;tag:h2|font_size:25px|text_align:center&#8221; use_theme_fonts=&#8221;yes&#8221; css=&#8221;.vc_custom_1624224038103{margin-bottom: 20px !important;}&#8221;][vc_column_text] \u2022 Iznimno jednostavno upravljanje \u2022 Odli\u010dna kvaliteta reza razli\u010ditih materijala i debljine \u2022 Mnogobrojne dodatne funkcije [&hellip;]<\/p>\n","protected":false},"author":1,"featured_media":0,"parent":1858,"menu_order":0,"comment_status":"closed","ping_status":"closed","template":"","meta":{"_monsterinsights_skip_tracking":false,"_monsterinsights_sitenote_active":false,"_monsterinsights_sitenote_note":"","_monsterinsights_sitenote_category":0,"footnotes":""},"class_list":["post-1864","page","type-page","status-publish","hentry"],"_links":{"self":[{"href":"https:\/\/www.x-las.si\/hr\/wp-json\/wp\/v2\/pages\/1864"}],"collection":[{"href":"https:\/\/www.x-las.si\/hr\/wp-json\/wp\/v2\/pages"}],"about":[{"href":"https:\/\/www.x-las.si\/hr\/wp-json\/wp\/v2\/types\/page"}],"author":[{"embeddable":true,"href":"https:\/\/www.x-las.si\/hr\/wp-json\/wp\/v2\/users\/1"}],"replies":[{"embeddable":true,"href":"https:\/\/www.x-las.si\/hr\/wp-json\/wp\/v2\/comments?post=1864"}],"version-history":[{"count":3,"href":"https:\/\/www.x-las.si\/hr\/wp-json\/wp\/v2\/pages\/1864\/revisions"}],"predecessor-version":[{"id":2190,"href":"https:\/\/www.x-las.si\/hr\/wp-json\/wp\/v2\/pages\/1864\/revisions\/2190"}],"up":[{"embeddable":true,"href":"https:\/\/www.x-las.si\/hr\/wp-json\/wp\/v2\/pages\/1858"}],"wp:attachment":[{"href":"https:\/\/www.x-las.si\/hr\/wp-json\/wp\/v2\/media?parent=1864"}],"curies":[{"name":"wp","href":"https:\/\/api.w.org\/{rel}","templated":true}]}}