{"id":1870,"date":"2021-06-21T05:21:06","date_gmt":"2021-06-21T03:21:06","guid":{"rendered":"https:\/\/www.x-las.si\/lasersko-rezanje\/t-i-t-a-serija\/"},"modified":"2024-07-22T08:45:59","modified_gmt":"2024-07-22T06:45:59","slug":"t-i-t-a-serija","status":"publish","type":"page","link":"https:\/\/www.x-las.si\/hr\/lasersko-rezanje\/t-i-t-a-serija\/","title":{"rendered":"T i T-A serija"},"content":{"rendered":"<div class=\"wpb-content-wrapper\"><p>[vc_row full_width=&#8221;stretch_row_content_no_spaces&#8221;][vc_column]\n\t\t\t<!-- START T in TA serija  HR REVOLUTION SLIDER 6.7.40 --><p class=\"rs-p-wp-fix\"><\/p>\n\t\t\t<rs-module-wrap id=\"rev_slider_16_1_wrapper\" data-source=\"gallery\" style=\"visibility:hidden;background:#212529;padding:0;margin:0px auto;margin-top:0;margin-bottom:0;\">\n\t\t\t\t<rs-module id=\"rev_slider_16_1\" style=\"\" data-version=\"6.7.40\">\n\t\t\t\t\t<rs-slides style=\"overflow: hidden; position: absolute;\">\n\t\t\t\t\t\t<rs-slide style=\"position: absolute;\" data-key=\"rs-26\" data-title=\"Slide\" data-anim=\"adpr:false;\" data-in=\"o:0;\" data-out=\"a:false;\">\n\t\t\t\t\t\t\t<img decoding=\"async\" src=\"\/\/www.x-las.si\/wp-content\/plugins\/revslider\/sr6\/assets\/assets\/dummy.png\" alt=\"\" title=\"bodor-t-ta-serija-xlas-1\" width=\"1920\" height=\"750\" class=\"rev-slidebg tp-rs-img rs-lazyload\" data-lazyload=\"\/\/www.x-las.si\/wp-content\/uploads\/2021\/06\/bodor-t-ta-serija-xlas-1.jpg\" data-parallax=\"off\" data-panzoom=\"d:10000;ss:100;se:100;\" data-no-retina>\n<!--\n\t\t\t\t\t\t\t--><rs-layer\n\t\t\t\t\t\t\t\tid=\"slider-16-slide-26-layer-0\" \n\t\t\t\t\t\t\t\tdata-type=\"text\"\n\t\t\t\t\t\t\t\tdata-color=\"#fff\"\n\t\t\t\t\t\t\t\tdata-xy=\"xo:1020px,1020px,1015px,1015px;yo:199px,199px,200px,250px;\"\n\t\t\t\t\t\t\t\tdata-text=\"w:normal;s:80,80,30,30;l:90,90,40,40;ls:-4,-4,-3,-3;fw:800;\"\n\t\t\t\t\t\t\t\tdata-dim=\"minh:0px,0px,none,none;\"\n\t\t\t\t\t\t\t\tdata-rsp_bd=\"off\"\n\t\t\t\t\t\t\t\tdata-frame_1=\"st:500;sp:500;sR:500;\"\n\t\t\t\t\t\t\t\tdata-frame_999=\"o:0;st:w;sR:8000;\"\n\t\t\t\t\t\t\t\tstyle=\"z-index:9;font-family:'Poppins';\"\n\t\t\t\t\t\t\t>T in T-A serija \n\t\t\t\t\t\t\t<\/rs-layer><!--\n\n\t\t\t\t\t\t\t--><rs-layer\n\t\t\t\t\t\t\t\tid=\"slider-16-slide-26-layer-1\" \n\t\t\t\t\t\t\t\tdata-type=\"text\"\n\t\t\t\t\t\t\t\tdata-color=\"#fff\"\n\t\t\t\t\t\t\t\tdata-rsp_ch=\"on\"\n\t\t\t\t\t\t\t\tdata-xy=\"xo:1020px,1020px,1015px,1015px;yo:350px,350px,450px,500px;\"\n\t\t\t\t\t\t\t\tdata-text=\"w:normal;s:30,30,45,45;l:40,40,45,45;\"\n\t\t\t\t\t\t\t\tdata-dim=\"w:354px,354px,450px,450px;minh:0px,0px,none,none;\"\n\t\t\t\t\t\t\t\tdata-frame_1=\"st:900;sp:500;sR:900;\"\n\t\t\t\t\t\t\t\tdata-frame_999=\"o:0;st:w;sR:7600;\"\n\t\t\t\t\t\t\t\tstyle=\"z-index:8;font-family:'Poppins';\"\n\t\t\t\t\t\t\t>Laserski reza\u010d za rezanje cijevi \n\t\t\t\t\t\t\t<\/rs-layer><!--\n-->\t\t\t\t\t<\/rs-slide>\n\t\t\t\t\t<\/rs-slides>\n\t\t\t\t<\/rs-module>\n\t\t\t\t<script>\n\t\t\t\t\tsetREVStartSize({c: 'rev_slider_16_1',rl:[1240,1240,778,480],el:[800,800,800,1100],gw:[1630,1630,1630,1630],gh:[800,800,800,1100],type:'standard',justify:'',layout:'fullwidth',mh:\"0\"});if (window.RS_MODULES!==undefined && window.RS_MODULES.modules!==undefined && window.RS_MODULES.modules[\"revslider161\"]!==undefined) {window.RS_MODULES.modules[\"revslider161\"].once = false;window.revapi16 = undefined;if (window.RS_MODULES.checkMinimal!==undefined) window.RS_MODULES.checkMinimal()}\n\t\t\t\t<\/script>\n\t\t\t<\/rs-module-wrap>\n\t\t\t<!-- END REVOLUTION SLIDER -->\n[\/vc_column][\/vc_row][vc_row wrap_container=&#8221;yes&#8221;][vc_column][vc_row_inner content_placement=&#8221;middle&#8221; animation_delay=&#8221;200&#8243; animation_type=&#8221;fadeInRight&#8221; css=&#8221;.vc_custom_1560189098859{padding-top: 70px !important;}&#8221;][vc_column_inner width=&#8221;2\/5&#8243;][vc_single_image image=&#8221;750&#8243; img_size=&#8221;full&#8221; el_class=&#8221;mb-0&#8243;][\/vc_column_inner][vc_column_inner width=&#8221;3\/5&#8243;][vc_custom_heading text=&#8221;<b>Najve\u0107i<\/b> od velikih&#8221; font_container=&#8221;tag:h2|font_size:25px|text_align:left&#8221; use_theme_fonts=&#8221;yes&#8221; css=&#8221;.vc_custom_1624252939771{margin-bottom: 20px !important;}&#8221;][vc_custom_heading text=&#8221;Mogu\u0107nost rezanja cijevi, koje mogu biti do 30 % ve\u0107e od standardnih dimenzija i dvostruke te\u017eine.&#8221; font_container=&#8221;tag:h2|font_size:18px|text_align:left&#8221; use_theme_fonts=&#8221;yes&#8221; css=&#8221;.vc_custom_1624252950706{margin-bottom: 20px !important;}&#8221;][\/vc_column_inner][\/vc_row_inner][vc_row_inner content_placement=&#8221;middle&#8221; animation_delay=&#8221;600&#8243; animation_type=&#8221;fadeInRight&#8221; css=&#8221;.vc_custom_1624223416674{padding-top: 70px !important;}&#8221;][vc_column_inner][vc_custom_heading text=&#8221;<b>Za\u0161to odabrati<\/b> T model?&#8221; font_container=&#8221;tag:h2|font_size:25px|text_align:center&#8221; use_theme_fonts=&#8221;yes&#8221; css=&#8221;.vc_custom_1624252967005{margin-bottom: 20px !important;}&#8221;][vc_column_text]<\/p>\n<p style=\"text-align: center;\">\u2022 Laserski reza\u010d visokih performansi za rezanje cijevi razli\u010ditih promjera i oblika<br \/>\n\u2022 Princip pozicioniranja omogu\u0107uje vrlo precizno rezanje razli\u010ditih materijala i debljina<br \/>\n\u2022 Mnogobrojne napredne funkcije (automatska izmjena mlaznica,<br \/>\n(automatsko fokusiranje laserske zrake, daljinsko upravljanje \u2026)<br \/>\n\u2022 Integrirana programska oprema osigurava pra\u0107enje proizvodnje i doprinosi ve\u0107oj<br \/>\nu\u010dinkovitosti i ekonomi\u010dnosti<br \/>\n\u2022 Dug \u017eivotni vijek reza\u010da<br \/>\n\u2022 CE certificiran<\/p>\n<p style=\"text-align: center;\"><strong>T-A modeli<\/strong> imaju jednaka tehni\u010dka svojstva. Dodatno su opremljeni s sistemom automatiziranog dovo\u0111enja cijevi u obradu.<\/p>\n<p>[\/vc_column_text][\/vc_column_inner][\/vc_row_inner][vc_separator color=&#8221;custom&#8221; gap=&#8221;taller&#8221;][vc_row_inner content_placement=&#8221;middle&#8221; animation_delay=&#8221;200&#8243; animation_type=&#8221;fadeInLeft&#8221; css=&#8221;.vc_custom_1623746115015{margin-bottom: 40px !important;}&#8221;][vc_column_inner width=&#8221;3\/5&#8243;][vc_custom_heading text=&#8221;Kontrola <b>stezne \u010deljusti<\/b>&#8221; font_container=&#8221;tag:h2|font_size:25px|text_align:left&#8221; use_theme_fonts=&#8221;yes&#8221; css=&#8221;.vc_custom_1624253055420{margin-bottom: 20px !important;}&#8221;][vc_column_text]Automatsko centriranje i stezanje materijala s obzirom na veli\u010dinu i promjer obra\u0111ene cijevi.[\/vc_column_text][vc_custom_heading text=&#8221;Funkcija kontrole <b>momenta zatezanja<\/b>&#8221; font_container=&#8221;tag:h2|font_size:25px|text_align:left&#8221; use_theme_fonts=&#8221;yes&#8221; css=&#8221;.vc_custom_1624253074434{margin-bottom: 20px !important;}&#8221;][vc_column_text]Nadzor momenta omogu\u0107ava, da se ve\u0107e cijevi dovoljno stisnu i male cijevi ne deformiraju. Za\u0161tita od pra\u0161ine osigurava da se rezanje odvija bez zaustavljanja.[\/vc_column_text][vc_custom_heading text=&#8221;Tra\u017eenje <b>rubova<\/b> , tra\u017eenje <b>sredi\u0161ta<\/b>&#8221; font_container=&#8221;tag:h2|font_size:25px|text_align:left&#8221; use_theme_fonts=&#8221;yes&#8221; css=&#8221;.vc_custom_1624253103472{margin-bottom: 20px !important;}&#8221;][vc_column_text]Potpuno nova funkcija tra\u017eenja rubova i tra\u017eenja sredi\u0161ta. Optimizirana metoda i algoritam za tra\u017eenje rubova. Ve\u0107a to\u010dnost i stabilnost rezanja.[\/vc_column_text][vc_custom_heading text=&#8221;Kontrola <b>na dodir<\/b>&#8221; font_container=&#8221;tag:h2|font_size:25px|text_align:left&#8221; use_theme_fonts=&#8221;yes&#8221; css=&#8221;.vc_custom_1624253125831{margin-bottom: 20px !important;}&#8221;][vc_column_text]Upravljanje ure\u0111aja si olak\u0161ate s 10-pikselnim kapacitivnim ekranom osjetljivim na dodir. Staklo HD \u010dini ekran dovr\u0161eniji i ergonomi\u010dniji, a lak\u0161e upravljanje pobolj\u0161ava radnu u\u010dinkovitost.[\/vc_column_text][\/vc_column_inner][vc_column_inner width=&#8221;2\/5&#8243;][vc_single_image image=&#8221;762&#8243; img_size=&#8221;full&#8221; alignment=&#8221;center&#8221;][vc_single_image image=&#8221;748&#8243; img_size=&#8221;full&#8221; alignment=&#8221;center&#8221;][\/vc_column_inner][\/vc_row_inner][\/vc_column][\/vc_row][vc_row full_width=&#8221;stretch_row_content_no_spaces&#8221; content_placement=&#8221;middle&#8221; css=&#8221;.vc_custom_1624271492970{background-image: url(https:\/\/www.x-las.si\/wp-content\/uploads\/2021\/06\/bodor-t-ta-serija-xlas-4.jpg?id=747) !important;background-position: center !important;background-repeat: no-repeat !important;background-size: cover !important;}&#8221;][vc_column width=&#8221;1\/6&#8243;][\/vc_column][vc_column width=&#8221;1\/6&#8243;][\/vc_column][vc_column width=&#8221;1\/6&#8243;][\/vc_column][vc_column width=&#8221;2\/6&#8243;][vc_empty_space height=&#8221;150px&#8221;][vc_custom_heading text=&#8221;Automatsko <b>davanje cijevi<\/b>&#8221; font_container=&#8221;tag:h2|font_size:25px|text_align:left|color:%23000000&#8243; use_theme_fonts=&#8221;yes&#8221; animation_delay=&#8221;100&#8243; css=&#8221;.vc_custom_1624271549432{margin-bottom: 20px !important;}&#8221; animation_type=&#8221;fadeInDown&#8221;][vc_custom_heading text=&#8221;Automatizirano, pouzdano i brzo davanje cijevi u obradu. Sistem osigurava, da kod samog davanja ne do\u0111e do o\u0161te\u0107enja cijevi. To\u010dno davanje cijevi, bez obzira na njihovu veli\u010dinu.&#8221; font_container=&#8221;tag:h3|font_size:20px|text_align:left|color:%23000000&#8243; use_theme_fonts=&#8221;yes&#8221; font_weight=&#8221;200&#8243; animation_delay=&#8221;100&#8243; css=&#8221;.vc_custom_1624271555355{margin-bottom: 20px !important;}&#8221; animation_type=&#8221;fadeInDown&#8221;][vc_empty_space height=&#8221;150px&#8221;][\/vc_column][vc_column width=&#8221;1\/6&#8243;][\/vc_column][\/vc_row][vc_row wrap_container=&#8221;yes&#8221;][vc_column][vc_empty_space][vc_custom_heading text=&#8221;Tehni\u010dki podaci&#8221; font_container=&#8221;tag:h2|font_size:25px|text_align:center|color:%23000000&#8243; use_theme_fonts=&#8221;yes&#8221; css=&#8221;.vc_custom_1624281092472{margin-bottom: 20px !important;}&#8221;][vc_column_text]<\/p>\n<table cellspacing=\"0\" cellpadding=\"0\">\n<tbody>\n<tr>\n<td colspan=\"2\" valign=\"middle\"><strong>Model<\/strong><\/td>\n<td valign=\"middle\"><strong>T230 <\/strong><\/td>\n<td valign=\"middle\"><strong>T360 <\/strong><\/td>\n<\/tr>\n<tr>\n<td colspan=\"2\" valign=\"middle\"><strong>Radna povr\u0161ina<\/strong><\/td>\n<td valign=\"middle\">6500mm\/9200mm<\/td>\n<td valign=\"middle\">6500 mm<\/td>\n<\/tr>\n<tr>\n<td colspan=\"2\" valign=\"middle\"><strong>Laserski izvor<\/strong><\/td>\n<td colspan=\"2\" valign=\"middle\">6000w\/3000w\/2000w\/1500w<\/td>\n<\/tr>\n<tr>\n<td colspan=\"2\" valign=\"middle\"><strong>Dimenzije okrugle cijevi<\/strong><\/td>\n<td valign=\"middle\">\u03a620-230 mm<\/td>\n<td valign=\"middle\">\u03a620-360 mm<\/td>\n<\/tr>\n<tr>\n<td colspan=\"2\" valign=\"middle\"><strong>Dimenzije kvadratne cijevi<\/strong><\/td>\n<td valign=\"middle\">\u25a120*20-\u25a1160*160 mm<\/td>\n<td valign=\"middle\">\u25a120*20-\u25a1254*254 mm<\/td>\n<\/tr>\n<tr>\n<td rowspan=\"2\" valign=\"middle\"><strong>Kvadratna cijev<\/strong><\/td>\n<td valign=\"middle\">Du\u017eina ruba<\/td>\n<td valign=\"middle\">20-170 mm<\/td>\n<td valign=\"middle\">20-300 mm<\/td>\n<\/tr>\n<tr>\n<td valign=\"middle\">Maks. promjer cijevi<\/td>\n<td valign=\"middle\">\u2264230 mm<\/td>\n<td valign=\"middle\">\u2264360 mm<\/td>\n<\/tr>\n<tr>\n<td colspan=\"2\" valign=\"middle\"><strong>Preciznost pozicioniranja X\/Y osi <\/strong><\/td>\n<td colspan=\"2\" valign=\"middle\">0,05 mm<\/td>\n<\/tr>\n<tr>\n<td colspan=\"2\" valign=\"middle\"><strong>Ponovljivost X\/Y osi <\/strong><\/td>\n<td colspan=\"2\" valign=\"middle\">0,03 mm<\/td>\n<\/tr>\n<tr>\n<td colspan=\"2\" valign=\"middle\"><strong>Maksimalna brzina X osi <\/strong><\/td>\n<td colspan=\"2\" valign=\"middle\">100 m\/min<\/td>\n<\/tr>\n<tr>\n<td colspan=\"2\" valign=\"middle\"><strong>Maksimalna brzina Y osi <\/strong><\/td>\n<td colspan=\"2\" valign=\"middle\">95 m\/min<\/td>\n<\/tr>\n<\/tbody>\n<\/table>\n<p>[\/vc_column_text][\/vc_column][\/vc_row][vc_row][vc_column][vc_btn title=&#8221;Preuzmite PDF prezentaciju&#8221; style=&#8221;outline&#8221; align=&#8221;center&#8221; skin=&#8221;dark&#8221; link=&#8221;url:https%3A%2F%2Fwww.x-las.si%2Fwp-content%2Fuploads%2F2021%2F06%2FLETAK-T-TA-SERIJA.pdf|title:Letak%20serije%20T%20i%20T-A|target:_blank|&#8221; el_class=&#8221;btn-style-1&#8243; animation_type=&#8221;fadeInUp&#8221;][\/vc_column][\/vc_row]<\/p>\n<\/div>","protected":false},"excerpt":{"rendered":"<p>[vc_row full_width=&#8221;stretch_row_content_no_spaces&#8221;][vc_column][\/vc_column][\/vc_row][vc_row wrap_container=&#8221;yes&#8221;][vc_column][vc_row_inner content_placement=&#8221;middle&#8221; animation_delay=&#8221;200&#8243; animation_type=&#8221;fadeInRight&#8221; css=&#8221;.vc_custom_1560189098859{padding-top: 70px !important;}&#8221;][vc_column_inner width=&#8221;2\/5&#8243;][vc_single_image image=&#8221;750&#8243; img_size=&#8221;full&#8221; el_class=&#8221;mb-0&#8243;][\/vc_column_inner][vc_column_inner width=&#8221;3\/5&#8243;][vc_custom_heading text=&#8221;Najve\u0107i od velikih&#8221; font_container=&#8221;tag:h2|font_size:25px|text_align:left&#8221; use_theme_fonts=&#8221;yes&#8221; css=&#8221;.vc_custom_1624252939771{margin-bottom: 20px !important;}&#8221;][vc_custom_heading text=&#8221;Mogu\u0107nost rezanja cijevi, koje mogu biti do 30 % ve\u0107e od standardnih dimenzija i dvostruke te\u017eine.&#8221; font_container=&#8221;tag:h2|font_size:18px|text_align:left&#8221; use_theme_fonts=&#8221;yes&#8221; css=&#8221;.vc_custom_1624252950706{margin-bottom: 20px !important;}&#8221;][\/vc_column_inner][\/vc_row_inner][vc_row_inner content_placement=&#8221;middle&#8221; animation_delay=&#8221;600&#8243; animation_type=&#8221;fadeInRight&#8221; css=&#8221;.vc_custom_1624223416674{padding-top: 70px !important;}&#8221;][vc_column_inner][vc_custom_heading text=&#8221;Za\u0161to odabrati T model?&#8221; font_container=&#8221;tag:h2|font_size:25px|text_align:center&#8221; use_theme_fonts=&#8221;yes&#8221; [&hellip;]<\/p>\n","protected":false},"author":1,"featured_media":0,"parent":1858,"menu_order":0,"comment_status":"closed","ping_status":"closed","template":"","meta":{"_monsterinsights_skip_tracking":false,"_monsterinsights_sitenote_active":false,"_monsterinsights_sitenote_note":"","_monsterinsights_sitenote_category":0,"footnotes":""},"class_list":["post-1870","page","type-page","status-publish","hentry"],"_links":{"self":[{"href":"https:\/\/www.x-las.si\/hr\/wp-json\/wp\/v2\/pages\/1870"}],"collection":[{"href":"https:\/\/www.x-las.si\/hr\/wp-json\/wp\/v2\/pages"}],"about":[{"href":"https:\/\/www.x-las.si\/hr\/wp-json\/wp\/v2\/types\/page"}],"author":[{"embeddable":true,"href":"https:\/\/www.x-las.si\/hr\/wp-json\/wp\/v2\/users\/1"}],"replies":[{"embeddable":true,"href":"https:\/\/www.x-las.si\/hr\/wp-json\/wp\/v2\/comments?post=1870"}],"version-history":[{"count":3,"href":"https:\/\/www.x-las.si\/hr\/wp-json\/wp\/v2\/pages\/1870\/revisions"}],"predecessor-version":[{"id":2192,"href":"https:\/\/www.x-las.si\/hr\/wp-json\/wp\/v2\/pages\/1870\/revisions\/2192"}],"up":[{"embeddable":true,"href":"https:\/\/www.x-las.si\/hr\/wp-json\/wp\/v2\/pages\/1858"}],"wp:attachment":[{"href":"https:\/\/www.x-las.si\/hr\/wp-json\/wp\/v2\/media?parent=1870"}],"curies":[{"name":"wp","href":"https:\/\/api.w.org\/{rel}","templated":true}]}}