{"id":1873,"date":"2021-06-21T05:52:03","date_gmt":"2021-06-21T03:52:03","guid":{"rendered":"https:\/\/www.x-las.si\/lasersko-rezanje\/c-t-serija\/"},"modified":"2024-07-22T08:15:49","modified_gmt":"2024-07-22T06:15:49","slug":"c-t-serija","status":"publish","type":"page","link":"https:\/\/www.x-las.si\/hr\/lasersko-rezanje\/c-t-serija\/","title":{"rendered":"C-T serija"},"content":{"rendered":"<div class=\"wpb-content-wrapper\"><p>[vc_row full_width=&#8221;stretch_row_content_no_spaces&#8221;][vc_column]\n\t\t\t<!-- START CT serija  HR REVOLUTION SLIDER 6.7.40 --><p class=\"rs-p-wp-fix\"><\/p>\n\t\t\t<rs-module-wrap id=\"rev_slider_13_1_wrapper\" data-source=\"gallery\" style=\"visibility:hidden;background:#212529;padding:0;margin:0px auto;margin-top:0;margin-bottom:0;\">\n\t\t\t\t<rs-module id=\"rev_slider_13_1\" style=\"\" data-version=\"6.7.40\">\n\t\t\t\t\t<rs-slides style=\"overflow: hidden; position: absolute;\">\n\t\t\t\t\t\t<rs-slide style=\"position: absolute;\" data-key=\"rs-23\" data-title=\"Slide\" data-anim=\"adpr:false;\" data-in=\"o:0;\" data-out=\"a:false;\">\n\t\t\t\t\t\t\t<img decoding=\"async\" src=\"\/\/www.x-las.si\/wp-content\/plugins\/revslider\/sr6\/assets\/assets\/dummy.png\" alt=\"\" title=\"bodor-c-t-serija-xlas-1\" width=\"1920\" height=\"750\" class=\"rev-slidebg tp-rs-img rs-lazyload\" data-lazyload=\"\/\/www.x-las.si\/wp-content\/uploads\/2021\/06\/bodor-c-t-serija-xlas-1.jpg\" data-parallax=\"off\" data-panzoom=\"d:10000;ss:100;se:100;\" data-no-retina>\n<!--\n\t\t\t\t\t\t\t--><rs-layer\n\t\t\t\t\t\t\t\tid=\"slider-13-slide-23-layer-0\" \n\t\t\t\t\t\t\t\tdata-type=\"text\"\n\t\t\t\t\t\t\t\tdata-color=\"#fff\"\n\t\t\t\t\t\t\t\tdata-xy=\"xo:1020px,1020px,1015px,1015px;yo:200px,200px,200px,250px;\"\n\t\t\t\t\t\t\t\tdata-text=\"w:normal;s:80,80,30,30;l:90,90,40,40;ls:-4,-4,-3,-3;fw:800;\"\n\t\t\t\t\t\t\t\tdata-dim=\"minh:0px,0px,none,none;\"\n\t\t\t\t\t\t\t\tdata-rsp_bd=\"off\"\n\t\t\t\t\t\t\t\tdata-frame_1=\"st:500;sp:500;sR:500;\"\n\t\t\t\t\t\t\t\tdata-frame_999=\"o:0;st:w;sR:8000;\"\n\t\t\t\t\t\t\t\tstyle=\"z-index:9;font-family:'Poppins';\"\n\t\t\t\t\t\t\t>C-T serija \n\t\t\t\t\t\t\t<\/rs-layer><!--\n\n\t\t\t\t\t\t\t--><rs-layer\n\t\t\t\t\t\t\t\tid=\"slider-13-slide-23-layer-1\" \n\t\t\t\t\t\t\t\tdata-type=\"text\"\n\t\t\t\t\t\t\t\tdata-color=\"#fff\"\n\t\t\t\t\t\t\t\tdata-rsp_ch=\"on\"\n\t\t\t\t\t\t\t\tdata-xy=\"xo:1021px,1021px,1015px,1015px;yo:350px,350px,450px,500px;\"\n\t\t\t\t\t\t\t\tdata-text=\"w:normal;s:30,30,45,45;l:40,40,45,45;\"\n\t\t\t\t\t\t\t\tdata-dim=\"w:419px,419px,450px,450px;minh:0px,0px,none,none;\"\n\t\t\t\t\t\t\t\tdata-frame_1=\"st:900;sp:500;sR:900;\"\n\t\t\t\t\t\t\t\tdata-frame_999=\"o:0;st:w;sR:7600;\"\n\t\t\t\t\t\t\t\tstyle=\"z-index:8;font-family:'Poppins';\"\n\t\t\t\t\t\t\t>Cnc laserski reza\u010di za rezanje lima i cijevi \n\t\t\t\t\t\t\t<\/rs-layer><!--\n-->\t\t\t\t\t<\/rs-slide>\n\t\t\t\t\t<\/rs-slides>\n\t\t\t\t<\/rs-module>\n\t\t\t\t<script>\n\t\t\t\t\tsetREVStartSize({c: 'rev_slider_13_1',rl:[1240,1240,778,480],el:[800,800,800,1100],gw:[1630,1630,1630,1630],gh:[800,800,800,1100],type:'standard',justify:'',layout:'fullwidth',mh:\"0\"});if (window.RS_MODULES!==undefined && window.RS_MODULES.modules!==undefined && window.RS_MODULES.modules[\"revslider131\"]!==undefined) {window.RS_MODULES.modules[\"revslider131\"].once = false;window.revapi13 = undefined;if (window.RS_MODULES.checkMinimal!==undefined) window.RS_MODULES.checkMinimal()}\n\t\t\t\t<\/script>\n\t\t\t<\/rs-module-wrap>\n\t\t\t<!-- END REVOLUTION SLIDER -->\n[\/vc_column][\/vc_row][vc_row wrap_container=&#8221;yes&#8221;][vc_column][vc_row_inner content_placement=&#8221;middle&#8221; animation_delay=&#8221;200&#8243; animation_type=&#8221;fadeInRight&#8221; css=&#8221;.vc_custom_1560189098859{padding-top: 70px !important;}&#8221;][vc_column_inner width=&#8221;2\/5&#8243;][vc_single_image image=&#8221;703&#8243; img_size=&#8221;full&#8221; el_class=&#8221;mb-0&#8243;][\/vc_column_inner][vc_column_inner width=&#8221;3\/5&#8243;][vc_custom_heading text=&#8221;S serijom C-T \u0107e va\u0161a proizvodnja <b>postati fleksibilnija<\/b>.&#8221; font_container=&#8221;tag:h2|font_size:25px|text_align:left&#8221; use_theme_fonts=&#8221;yes&#8221; css=&#8221;.vc_custom_1624254886455{margin-bottom: 20px !important;}&#8221;][\/vc_column_inner][\/vc_row_inner][vc_row_inner content_placement=&#8221;middle&#8221; animation_delay=&#8221;600&#8243; animation_type=&#8221;fadeInRight&#8221; css=&#8221;.vc_custom_1624223416674{padding-top: 70px !important;}&#8221;][vc_column_inner][vc_custom_heading text=&#8221;<b>Za\u0161to odabrati<\/b> C-T model?&#8221; font_container=&#8221;tag:h2|font_size:25px|text_align:center&#8221; use_theme_fonts=&#8221;yes&#8221; css=&#8221;.vc_custom_1624254907702{margin-bottom: 20px !important;}&#8221;][vc_column_text]<\/p>\n<p style=\"text-align: center;\">\u2022 Mogu\u0107nost rezanja lima i cijevi pove\u0107ava prilagodljivost i opseg usluga u proizvodnji<br \/>\n\u2022 Iznimno brz radni proces i odli\u010dna kvaliteta reza<br \/>\n\u2022 Izmjena dva stola uvelike pobolj\u0161ava u\u010dinkovitost stroja<br \/>\n\u2022 Ugra\u0111eni 360\u00b0 radarski sistem osigurava aktivno spre\u010davanje udaraca i aktivira brz pomak pred preprekom<br \/>\n\u2022 Mnogobrojne napredne funkcije (automatsko fokusiranje laserske zrake, daljinsko upravljanje \u2026<br \/>\n\u2022 Ure\u0111aj s dugim \u017eivotnim vijekom<br \/>\n\u2022 CE certificiran<\/p>\n<p>[\/vc_column_text][\/vc_column_inner][\/vc_row_inner][vc_separator color=&#8221;custom&#8221; gap=&#8221;taller&#8221;][vc_row_inner content_placement=&#8221;middle&#8221; animation_delay=&#8221;200&#8243; animation_type=&#8221;fadeInLeft&#8221; css=&#8221;.vc_custom_1623746115015{margin-bottom: 40px !important;}&#8221;][vc_column_inner width=&#8221;3\/5&#8243;][vc_custom_heading text=&#8221;<b>Brza<\/b> izmjena stolova&#8221; font_container=&#8221;tag:h2|font_size:25px|text_align:left&#8221; use_theme_fonts=&#8221;yes&#8221; css=&#8221;.vc_custom_1624255058497{margin-bottom: 20px !important;}&#8221;][vc_column_text]Brza izmjena dva stola uvelike pobolj\u0161ava u\u010dinkovitost ure\u0111aja. Lan\u010dani pogon ima ve\u0107u krutost, ve\u0107u preciznost i u\u0161tedu kod same izmjene.[\/vc_column_text][vc_custom_heading text=&#8221;<b>Samocentriraju\u0107e<\/b> stezne \u010deljusti&#8221; font_container=&#8221;tag:h2|font_size:25px|text_align:left&#8221; use_theme_fonts=&#8221;yes&#8221; css=&#8221;.vc_custom_1624255135003{margin-bottom: 20px !important;}&#8221;][vc_column_text]Dvojne elektri\u010dne stezne \u010deljusti s funkcijom automatskog centriranja su jednostavne za upotrebu i zahtijevaju malo odr\u017eavanja. Ugra\u0111en a\u017euriran motor omogu\u0107uje to\u010dno upravljanje. Modularne stezne komponente mo\u017eemo brzo i jednostavno zamijeniti.[\/vc_column_text][vc_custom_heading text=&#8221;Portal <b>iz aluminija<\/b>&#8221; font_container=&#8221;tag:h2|font_size:25px|text_align:left&#8221; use_theme_fonts=&#8221;yes&#8221; css=&#8221;.vc_custom_1624254453654{margin-bottom: 20px !important;}&#8221;][vc_column_text]Aluminijeva legura, koja ima ve\u0107u krutost, znatno smanjuje deformaciju portala kod djelovanja ure\u0111aja tako\u0111er kod visokih brzina.[\/vc_column_text][vc_custom_heading text=&#8221;<b>Zavarena<\/b> konstrukcija&#8221; font_container=&#8221;tag:h2|font_size:25px|text_align:left&#8221; use_theme_fonts=&#8221;yes&#8221; css=&#8221;.vc_custom_1624255158589{margin-bottom: 20px !important;}&#8221;][vc_column_text]S to\u010dno zavarenim segmentima je dose\u017eena vi\u0161a stabilnost i krutost reza\u010da. Pobolj\u0161an je u\u010dinak apsorpcije vibracija i dose\u017eena vi\u0161a preciznost rezanja.[\/vc_column_text][\/vc_column_inner][vc_column_inner width=&#8221;2\/5&#8243;][vc_single_image image=&#8221;707&#8243; img_size=&#8221;full&#8221;][vc_single_image image=&#8221;785&#8243; img_size=&#8221;full&#8221;][\/vc_column_inner][\/vc_row_inner][vc_separator color=&#8221;custom&#8221; gap=&#8221;taller&#8221;][vc_row_inner content_placement=&#8221;middle&#8221; animation_delay=&#8221;600&#8243; animation_type=&#8221;fadeInRight&#8221; css=&#8221;.vc_custom_1624275075448{padding-top: 40px !important;}&#8221;][vc_column_inner][vc_custom_heading text=&#8221;Bodor <b>Cloud<\/b>&#8221; font_container=&#8221;tag:h2|font_size:25px|text_align:center&#8221; use_theme_fonts=&#8221;yes&#8221; css=&#8221;.vc_custom_1624369165010{margin-bottom: 20px !important;}&#8221;][vc_column_text]<\/p>\n<p style=\"text-align: center;\"><strong>Bodor platforma za CNC lasersko rezanje<\/strong><\/p>\n<p style=\"text-align: center;\">\u2022 Prijavite se za postprodajne usluge na platformi Bodor Cloud<\/p>\n<p style=\"text-align: center;\">\u2022 Digitalno upravljanje opremom, mogu\u0107nost pohrane raznih podataka<\/p>\n<p style=\"text-align: center;\">\u2022 Pra\u0107enje rada opreme u stvarnom vremenu i automatsko upozorenje na probleme<\/p>\n<p style=\"text-align: center;\">\u2022 Mogu\u0107nost upravljanja preko razli\u010ditih ure\u0111aja<\/p>\n<p>[\/vc_column_text][\/vc_column_inner][\/vc_row_inner][vc_row_inner content_placement=&#8221;middle&#8221; animation_delay=&#8221;200&#8243; animation_type=&#8221;fadeInRight&#8221; css=&#8221;.vc_custom_1624275065518{margin-bottom: 40px !important;padding-top: 70px !important;}&#8221;][vc_column_inner width=&#8221;2\/5&#8243;][vc_single_image image=&#8221;706&#8243; img_size=&#8221;full&#8221; el_class=&#8221;mb-0&#8243;][\/vc_column_inner][vc_column_inner width=&#8221;3\/5&#8243;][vc_custom_heading text=&#8221;Aktivno <b>izbjegavanje sudara<\/b>&#8221; font_container=&#8221;tag:h2|font_size:25px|text_align:left&#8221; use_theme_fonts=&#8221;yes&#8221; css=&#8221;.vc_custom_1624254652375{margin-bottom: 20px !important;}&#8221;][vc_column_text]Smanjite mogu\u0107nost ozljede laserske glave. Posti\u0107i \u0107ete minimalne tro\u0161kove odr\u017eavanja.<\/p>\n<p>Izbjegnite nepotrebne prekide proizvodnog procesa i osigurajte neprekinutu proizvodnju.<\/p>\n<p>Ugra\u0111eni 360\u00b0 radarski sistem osigurava aktivno izbjegavanje sudara i aktivira brz pomak prepreke.[\/vc_column_text][\/vc_column_inner][\/vc_row_inner][\/vc_column][\/vc_row][vc_row full_width=&#8221;stretch_row_content_no_spaces&#8221; content_placement=&#8221;middle&#8221; css=&#8221;.vc_custom_1624257346401{background-image: url(https:\/\/www.x-las.si\/wp-content\/uploads\/2021\/06\/bodor-c-t-serija-xlas-2.jpg?id=702) !important;background-position: center !important;background-repeat: no-repeat !important;background-size: cover !important;}&#8221;][vc_column width=&#8221;2\/12&#8243;][\/vc_column][vc_column width=&#8221;3\/12&#8243;][vc_empty_space height=&#8221;150px&#8221;][vc_custom_heading text=&#8221;AutoFokus <b>laserske zrake<\/b>&#8221; font_container=&#8221;tag:h2|font_size:25px|text_align:left|color:%23ffffff&#8221; use_theme_fonts=&#8221;yes&#8221; animation_delay=&#8221;100&#8243; css=&#8221;.vc_custom_1624272955146{margin-bottom: 20px !important;}&#8221; animation_type=&#8221;fadeInDown&#8221;][vc_custom_heading text=&#8221;Fokus se nastavi automatski s obzirom na debljinu i vrstu materijala.&#8221; font_container=&#8221;tag:h3|font_size:20px|text_align:left|color:%23ffffff&#8221; use_theme_fonts=&#8221;yes&#8221; font_weight=&#8221;200&#8243; animation_delay=&#8221;100&#8243; css=&#8221;.vc_custom_1624272959169{margin-bottom: 20px !important;}&#8221; animation_type=&#8221;fadeInDown&#8221;][vc_empty_space height=&#8221;150px&#8221;][\/vc_column][vc_column width=&#8221;2\/12&#8243;][\/vc_column][vc_column width=&#8221;3\/12&#8243;][\/vc_column][vc_column width=&#8221;2\/12&#8243;][\/vc_column][\/vc_row][vc_row wrap_container=&#8221;yes&#8221;][vc_column][vc_empty_space][vc_custom_heading text=&#8221;Tehni\u010dki podaci&#8221; font_container=&#8221;tag:h2|font_size:25px|text_align:center|color:%23000000&#8243; use_theme_fonts=&#8221;yes&#8221; css=&#8221;.vc_custom_1624280968098{margin-bottom: 20px !important;}&#8221;][vc_column_text]<\/p>\n<table cellspacing=\"0\" cellpadding=\"0\">\n<tbody>\n<tr>\n<td valign=\"middle\"><strong>Model<\/strong><\/td>\n<td valign=\"middle\"><strong>C3T <\/strong><\/td>\n<\/tr>\n<tr>\n<td valign=\"middle\"><strong>Radno podru\u010dje<\/strong><\/td>\n<td valign=\"middle\">3048*1524 mm<\/td>\n<\/tr>\n<tr>\n<td valign=\"middle\"><strong>Laserski izvor<\/strong><\/td>\n<td valign=\"middle\">6000w\/3000w\/2000w\/1500w<\/td>\n<\/tr>\n<tr>\n<td valign=\"middle\"><strong>Preciznost pozicioniranja X\/Y osi <\/strong><\/td>\n<td valign=\"middle\">\u00b10,05 mm<\/td>\n<\/tr>\n<tr>\n<td valign=\"middle\"><strong>Ponovljivost X\/Y osi <\/strong><\/td>\n<td valign=\"middle\">\u00b10,03 mm<\/td>\n<\/tr>\n<tr>\n<td valign=\"middle\"><strong>Maksimalna brzina X\/Y osi <\/strong><\/td>\n<td valign=\"middle\">100 m\/min<\/td>\n<\/tr>\n<tr>\n<td valign=\"middle\"><strong>Maks. ubrzanje<\/strong><\/td>\n<td valign=\"middle\">1 G<\/td>\n<\/tr>\n<\/tbody>\n<\/table>\n<p>[\/vc_column_text][\/vc_column][\/vc_row][vc_row][vc_column][vc_btn title=&#8221;Preuzmite PDF prezentaciju&#8221; style=&#8221;outline&#8221; align=&#8221;center&#8221; skin=&#8221;dark&#8221; link=&#8221;url:https%3A%2F%2Fwww.x-las.si%2Fwp-content%2Fuploads%2F2021%2F06%2FLETAK-C-T-SERIJA.pdf|title:Letak%20C-T%20serije|target:_blank|&#8221; el_class=&#8221;btn-style-1&#8243; animation_type=&#8221;fadeInUp&#8221;][\/vc_column][\/vc_row]<\/p>\n<\/div>","protected":false},"excerpt":{"rendered":"<p>[vc_row full_width=&#8221;stretch_row_content_no_spaces&#8221;][vc_column][\/vc_column][\/vc_row][vc_row wrap_container=&#8221;yes&#8221;][vc_column][vc_row_inner content_placement=&#8221;middle&#8221; animation_delay=&#8221;200&#8243; animation_type=&#8221;fadeInRight&#8221; css=&#8221;.vc_custom_1560189098859{padding-top: 70px !important;}&#8221;][vc_column_inner width=&#8221;2\/5&#8243;][vc_single_image image=&#8221;703&#8243; img_size=&#8221;full&#8221; el_class=&#8221;mb-0&#8243;][\/vc_column_inner][vc_column_inner width=&#8221;3\/5&#8243;][vc_custom_heading text=&#8221;S serijom C-T \u0107e va\u0161a proizvodnja postati fleksibilnija.&#8221; font_container=&#8221;tag:h2|font_size:25px|text_align:left&#8221; use_theme_fonts=&#8221;yes&#8221; css=&#8221;.vc_custom_1624254886455{margin-bottom: 20px !important;}&#8221;][\/vc_column_inner][\/vc_row_inner][vc_row_inner content_placement=&#8221;middle&#8221; animation_delay=&#8221;600&#8243; animation_type=&#8221;fadeInRight&#8221; css=&#8221;.vc_custom_1624223416674{padding-top: 70px !important;}&#8221;][vc_column_inner][vc_custom_heading text=&#8221;Za\u0161to odabrati C-T model?&#8221; font_container=&#8221;tag:h2|font_size:25px|text_align:center&#8221; use_theme_fonts=&#8221;yes&#8221; css=&#8221;.vc_custom_1624254907702{margin-bottom: 20px !important;}&#8221;][vc_column_text] \u2022 Mogu\u0107nost rezanja lima i cijevi pove\u0107ava prilagodljivost i opseg usluga u proizvodnji [&hellip;]<\/p>\n","protected":false},"author":1,"featured_media":0,"parent":1858,"menu_order":0,"comment_status":"closed","ping_status":"closed","template":"","meta":{"_monsterinsights_skip_tracking":false,"_monsterinsights_sitenote_active":false,"_monsterinsights_sitenote_note":"","_monsterinsights_sitenote_category":0,"footnotes":""},"class_list":["post-1873","page","type-page","status-publish","hentry"],"_links":{"self":[{"href":"https:\/\/www.x-las.si\/hr\/wp-json\/wp\/v2\/pages\/1873"}],"collection":[{"href":"https:\/\/www.x-las.si\/hr\/wp-json\/wp\/v2\/pages"}],"about":[{"href":"https:\/\/www.x-las.si\/hr\/wp-json\/wp\/v2\/types\/page"}],"author":[{"embeddable":true,"href":"https:\/\/www.x-las.si\/hr\/wp-json\/wp\/v2\/users\/1"}],"replies":[{"embeddable":true,"href":"https:\/\/www.x-las.si\/hr\/wp-json\/wp\/v2\/comments?post=1873"}],"version-history":[{"count":4,"href":"https:\/\/www.x-las.si\/hr\/wp-json\/wp\/v2\/pages\/1873\/revisions"}],"predecessor-version":[{"id":2187,"href":"https:\/\/www.x-las.si\/hr\/wp-json\/wp\/v2\/pages\/1873\/revisions\/2187"}],"up":[{"embeddable":true,"href":"https:\/\/www.x-las.si\/hr\/wp-json\/wp\/v2\/pages\/1858"}],"wp:attachment":[{"href":"https:\/\/www.x-las.si\/hr\/wp-json\/wp\/v2\/media?parent=1873"}],"curies":[{"name":"wp","href":"https:\/\/api.w.org\/{rel}","templated":true}]}}