{"id":1876,"date":"2023-10-27T10:09:09","date_gmt":"2023-10-27T08:09:09","guid":{"rendered":"https:\/\/www.x-las.si\/lasershell-zastitne-kabine\/"},"modified":"2024-07-23T07:12:36","modified_gmt":"2024-07-23T05:12:36","slug":"lasershell-zastitne-kabine","status":"publish","type":"page","link":"https:\/\/www.x-las.si\/hr\/lasershell-zastitne-kabine\/","title":{"rendered":"LaserShell &#8211; Za\u0161titne kabine"},"content":{"rendered":"<div class=\"wpb-content-wrapper\"><p>[vc_row wrap_container=&#8221;yes&#8221;][vc_column][vc_row_inner content_placement=&#8221;middle&#8221; animation_delay=&#8221;200&#8243; animation_type=&#8221;fadeInRight&#8221; css=&#8221;.vc_custom_1560189098859{padding-top: 70px !important;}&#8221;][vc_column_inner width=&#8221;1\/6&#8243;][\/vc_column_inner][vc_column_inner width=&#8221;2\/3&#8243;][vc_custom_heading text=&#8221;Za\u0161titne kabine <b>LaserShell<br \/>\n<\/b>&#8221; font_container=&#8221;tag:h1|font_size:36px|text_align:center&#8221; use_theme_fonts=&#8221;yes&#8221; css=&#8221;.vc_custom_1721627660286{margin-bottom: 30px !important;}&#8221;][vc_custom_heading text=&#8221;Za\u0161titna kabina je jednostavno, cjenovno pristupa\u010dno i u\u010dinkovito rje\u0161enje za siguran rad kod laserskog zavarivanja.<br \/>\nZahvaljuju\u0107i njenoj modularnoj osnovi je monta\u017ea sigurnosne kabine brza i jednostavna. <b>Postavite ju u samo nekoliko minuta.<b><\/b><br \/>\nVeli\u010dinu i vrstu kabine mo\u017eete prilagoditi veli\u010dini va\u0161ih komada zavarivanja i prostora. Osigurana je maksimalna sigurnost!&#8221; font_container=&#8221;tag:h2|font_size:18px|text_align:center&#8221; use_theme_fonts=&#8221;yes&#8221; css=&#8221;.vc_custom_1698401551264{margin-bottom: 20px !important;}&#8221;][\/vc_column_inner][vc_column_inner width=&#8221;1\/6&#8243;][\/vc_column_inner][\/vc_row_inner][\/vc_column][\/vc_row][vc_row wrap_container=&#8221;yes&#8221;][vc_column][vc_row_inner content_placement=&#8221;middle&#8221; animation_delay=&#8221;200&#8243; animation_type=&#8221;fadeInRight&#8221; css=&#8221;.vc_custom_1560189098859{padding-top: 70px !important;}&#8221;][vc_column_inner width=&#8221;3\/5&#8243;][vc_single_image image=&#8221;1497&#8243; img_size=&#8221;full&#8221; el_class=&#8221;mb-0&#8243;][\/vc_column_inner][vc_column_inner width=&#8221;2\/5&#8243;][vc_custom_heading text=&#8221;<b>Zavarite sigurno i za\u0161titite sebe<br \/>\ni svoju radnu okolinu<\/b>&#8221; font_container=&#8221;tag:h2|font_size:25px|text_align:left&#8221; use_theme_fonts=&#8221;yes&#8221; css=&#8221;.vc_custom_1698395750144{margin-bottom: 10px !important;}&#8221;][vc_custom_heading text=&#8221;&#8221; font_container=&#8221;tag:h2|font_size:25px|text_align:left&#8221; use_theme_fonts=&#8221;yes&#8221; css=&#8221;.vc_custom_1698394057669{margin-bottom: 20px !important;}&#8221;][\/vc_column_inner][\/vc_row_inner][vc_row_inner content_placement=&#8221;middle&#8221; animation_delay=&#8221;600&#8243; animation_type=&#8221;fadeInRight&#8221; css=&#8221;.vc_custom_1624223416674{padding-top: 70px !important;}&#8221;][vc_column_inner][vc_custom_heading text=&#8221;<b>Prednosti<\/b> sigurnosne kabine?&#8221; font_container=&#8221;tag:h2|font_size:35px|text_align:center&#8221; use_theme_fonts=&#8221;yes&#8221; css=&#8221;.vc_custom_1698395611100{margin-bottom: 20px !important;}&#8221;][vc_column_text]\u00a0<\/b><\/p>\n<div style=\"text-align: center;\">\n<p>\u2022 Osigurava visok stupanj za\u0161tite kod laserskog zavarivanja<br \/>\n\u2022 Izbjegne se potreba po gradnji novog, za lasersko zavarivanje primjerenog prostora<br \/>\n\u2022 Modularni sistem gradnje omogu\u0107uje razli\u010dite varijante postavljanja<br \/>\n\u2022 Vrlo jednostavna i brza monta\u017ea<br \/>\n\u2022 Izgra\u0111ena je iz kvalitetnih materijala za dug \u017eivotni vijek<br \/>\n\u2022 Sigurnosni prekida\u010d onemogu\u0107uje zavarivanje u primjeru otvorene kabine<\/p>\n<p><iframe loading=\"lazy\" title=\"LaserShell - Za\u0161\u010ditna kabina za lasersko varjenje - (X-LAS d.o.o.)\" width=\"1140\" height=\"641\" src=\"https:\/\/www.youtube.com\/embed\/7GObeNsWFZY?feature=oembed\" frameborder=\"0\" allow=\"accelerometer; autoplay; clipboard-write; encrypted-media; gyroscope; picture-in-picture; web-share\" referrerpolicy=\"strict-origin-when-cross-origin\" allowfullscreen><\/iframe><\/p>\n<\/div>\n<p>[\/vc_column_text][\/vc_column_inner][\/vc_row_inner][vc_row_inner content_placement=&#8221;middle&#8221; animation_delay=&#8221;600&#8243; animation_type=&#8221;fadeInRight&#8221; css=&#8221;.vc_custom_1624223416674{padding-top: 70px !important;}&#8221;][vc_column_inner][vc_custom_heading text=&#8221;Mo\u017eete izabrati izme\u0111u <b>razli\u010ditih modela<\/b>:&#8221; font_container=&#8221;tag:h2|font_size:35px|text_align:center&#8221; use_theme_fonts=&#8221;yes&#8221; css=&#8221;.vc_custom_1698395863767{margin-bottom: 20px !important;}&#8221;][\/vc_column_inner][\/vc_row_inner][vc_row_inner content_placement=&#8221;middle&#8221; wrap_container=&#8221;yes&#8221; animation_delay=&#8221;200&#8243; animation_type=&#8221;fadeInLeft&#8221; css=&#8221;.vc_custom_1687420786340{margin-bottom: 40px !important;}&#8221;][vc_column_inner width=&#8221;1\/3&#8243;][vc_single_image image=&#8221;2223&#8243; img_size=&#8221;full&#8221; label=&#8221;&#8221;][\/vc_column_inner][vc_column_inner width=&#8221;1\/3&#8243;][vc_single_image image=&#8221;2225&#8243; img_size=&#8221;full&#8221; label=&#8221;&#8221;][\/vc_column_inner][vc_column_inner width=&#8221;1\/3&#8243;][vc_single_image image=&#8221;2228&#8243; img_size=&#8221;full&#8221; label=&#8221;&#8221;][\/vc_column_inner][\/vc_row_inner][\/vc_column][\/vc_row][vc_row wrap_container=&#8221;yes&#8221;][vc_column][vc_empty_space][vc_column_text]<\/p>\n<table style=\"height: 276px;\" width=\"562\" cellspacing=\"0\" cellpadding=\"0\">\n<tbody>\n<tr>\n<td valign=\"middle\"><strong>STANDARDNE DIMENZIJE <\/strong><\/td>\n<td valign=\"middle\"><b>Du\u017eina <\/b><\/td>\n<td valign=\"middle\"><b>\u0160irina <\/b><\/td>\n<td valign=\"middle\"><b>Visina <\/b><\/td>\n<td valign=\"middle\"><\/td>\n<\/tr>\n<tr>\n<td valign=\"middle\"><\/td>\n<td valign=\"middle\">3000 mm<\/td>\n<td valign=\"middle\">3000 mm<\/td>\n<td valign=\"middle\">1950 mm<\/td>\n<td valign=\"middle\"><\/td>\n<\/tr>\n<tr>\n<td valign=\"middle\"><\/td>\n<td valign=\"middle\">3000 mm<\/td>\n<td valign=\"middle\">2000 mm<\/td>\n<td valign=\"middle\">1950 mm<\/td>\n<td valign=\"middle\"><\/td>\n<\/tr>\n<tr>\n<td valign=\"middle\"><\/td>\n<td valign=\"middle\">2000 mm<\/td>\n<td valign=\"middle\">2000 mm<\/td>\n<td valign=\"middle\">1950 mm<\/td>\n<td valign=\"middle\"><\/td>\n<\/tr>\n<tr>\n<td valign=\"middle\"><strong>Ili po va\u0161oj mjeri<\/strong><\/td>\n<td valign=\"middle\"><\/td>\n<td valign=\"middle\"><\/td>\n<td valign=\"middle\"><\/td>\n<\/tr>\n<\/tbody>\n<\/table>\n<p style=\"text-align: center;\"><span style=\"font-size: 18px;\"><strong>Dimenzije po va\u0161oj mjeri<\/strong><\/span><\/p>\n<p style=\"text-align: center;\">S prilagodljivo\u0161\u0107u dimenzija mo\u017eete izbrati veli\u010dinu sigurnosne kabine, koja najvi\u0161e odgovara va\u0161im potrebama, \u0161to vam omogu\u0107uje optimalno kori\u0161tenje slobodnog prostora i u\u010dinkovitu organizaciju va\u0161e radne okoline.<\/p>\n<p style=\"text-align: center;\"><strong><span style=\"font-size: 18px;\">Mogu\u0107nost dodatne nadogradnje za pobolj\u0161anje standardnih \u0107elija<br \/>\n<\/span><br \/>\n<\/strong><strong>\u2022 Dvojna vrata:<\/strong> Omogu\u0107en je lak\u0161i pristup i ve\u0107a funkcionalnost \u0107elije.<br \/>\n<strong>\u2022 Dodatno poja\u010danje:<\/strong> Za sigurnu i stabilnu monta\u017eu bez potrebe za betonskim sidranjem.<br \/>\n<strong>\u2022 Krov:<\/strong> Osigurava sigurnost radnika nad \u0107elijom.<br \/>\n<strong>\u2022 Rasvjeta:<\/strong> Pobolj\u0161ava radne uvjete unutar \u0107elije.<br \/>\n<strong>\u2022 Usisavanje dima:<\/strong> Mogu\u0107nost ugradnje odvodne jedinice s filtracijom.[\/vc_column_text][\/vc_column][\/vc_row][vc_row][vc_column][vc_btn title=&#8221;Preuzmite PDF prezentaciju&#8221; style=&#8221;outline&#8221; align=&#8221;center&#8221; skin=&#8221;dark&#8221; link=&#8221;url:https%3A%2F%2Fwww.x-las.si%2Fwp-content%2Fuploads%2F2023%2F10%2FLaserShell_letak_A4_07_2023-X-LAS-min.pdf|title:Letak%20-%20LaserShell%20za%C5%A1titne%20kabine|target:_blank|&#8221; el_class=&#8221;btn-style-1&#8243; animation_type=&#8221;fadeInUp&#8221;][\/vc_column][\/vc_row]<\/p>\n<\/div>","protected":false},"excerpt":{"rendered":"<p>[vc_row wrap_container=&#8221;yes&#8221;][vc_column][vc_row_inner content_placement=&#8221;middle&#8221; animation_delay=&#8221;200&#8243; animation_type=&#8221;fadeInRight&#8221; css=&#8221;.vc_custom_1560189098859{padding-top: 70px !important;}&#8221;][vc_column_inner width=&#8221;1\/6&#8243;][\/vc_column_inner][vc_column_inner width=&#8221;2\/3&#8243;][vc_custom_heading text=&#8221;Za\u0161titne kabine LaserShell &#8221; font_container=&#8221;tag:h1|font_size:36px|text_align:center&#8221; use_theme_fonts=&#8221;yes&#8221; css=&#8221;.vc_custom_1721627660286{margin-bottom: 30px !important;}&#8221;][vc_custom_heading text=&#8221;Za\u0161titna kabina je jednostavno, cjenovno pristupa\u010dno i u\u010dinkovito rje\u0161enje za siguran rad kod laserskog zavarivanja. Zahvaljuju\u0107i njenoj modularnoj osnovi je monta\u017ea sigurnosne kabine brza i jednostavna. Postavite ju u samo nekoliko minuta. Veli\u010dinu i vrstu kabine [&hellip;]<\/p>\n","protected":false},"author":2,"featured_media":0,"parent":0,"menu_order":0,"comment_status":"closed","ping_status":"closed","template":"","meta":{"_monsterinsights_skip_tracking":false,"_monsterinsights_sitenote_active":false,"_monsterinsights_sitenote_note":"","_monsterinsights_sitenote_category":0,"footnotes":""},"class_list":["post-1876","page","type-page","status-publish","hentry"],"_links":{"self":[{"href":"https:\/\/www.x-las.si\/hr\/wp-json\/wp\/v2\/pages\/1876"}],"collection":[{"href":"https:\/\/www.x-las.si\/hr\/wp-json\/wp\/v2\/pages"}],"about":[{"href":"https:\/\/www.x-las.si\/hr\/wp-json\/wp\/v2\/types\/page"}],"author":[{"embeddable":true,"href":"https:\/\/www.x-las.si\/hr\/wp-json\/wp\/v2\/users\/2"}],"replies":[{"embeddable":true,"href":"https:\/\/www.x-las.si\/hr\/wp-json\/wp\/v2\/comments?post=1876"}],"version-history":[{"count":5,"href":"https:\/\/www.x-las.si\/hr\/wp-json\/wp\/v2\/pages\/1876\/revisions"}],"predecessor-version":[{"id":2230,"href":"https:\/\/www.x-las.si\/hr\/wp-json\/wp\/v2\/pages\/1876\/revisions\/2230"}],"wp:attachment":[{"href":"https:\/\/www.x-las.si\/hr\/wp-json\/wp\/v2\/media?parent=1876"}],"curies":[{"name":"wp","href":"https:\/\/api.w.org\/{rel}","templated":true}]}}