{"id":1879,"date":"2023-12-04T10:41:19","date_gmt":"2023-12-04T08:41:19","guid":{"rendered":"https:\/\/www.x-las.si\/protect-zastitne-naocale\/"},"modified":"2025-01-10T20:20:41","modified_gmt":"2025-01-10T18:20:41","slug":"protect-zastitne-naocale","status":"publish","type":"page","link":"https:\/\/www.x-las.si\/hr\/protect-zastitne-naocale\/","title":{"rendered":"Protect &#8211; za\u0161titne nao\u010dale"},"content":{"rendered":"<div class=\"wpb-content-wrapper\"><p>[vc_row wrap_container=&#8221;yes&#8221;][vc_column][vc_row_inner content_placement=&#8221;middle&#8221; animation_delay=&#8221;200&#8243; animation_type=&#8221;fadeInRight&#8221; css=&#8221;.vc_custom_1560189098859{padding-top: 70px !important;}&#8221;][vc_column_inner width=&#8221;1\/6&#8243;][\/vc_column_inner][vc_column_inner width=&#8221;2\/3&#8243;][vc_custom_heading text=&#8221;Za\u0161titne nao\u010dale za lasersko zavarivanje <b>Protect<br \/>\n<\/b>&#8221; font_container=&#8221;tag:h1|font_size:36px|text_align:center&#8221; use_theme_fonts=&#8221;yes&#8221; css=&#8221;.vc_custom_1736532356430{margin-bottom: 30px !important;}&#8221;][vc_custom_heading text=&#8221;Kod laserskog zavarivanja su za\u0161titne nao\u010dale neophodan dio opreme za zavarivanje.<br \/>\n\u0160tite o\u010di pred opasnim laserskim zrakama, iskrama i blje\u0161tavilom.<br \/>\n<b>Zavariva\u010du o\u010duvaju jasan i nesmetan vid, kako bi mogao posao obavljati to\u010dno.<b><\/b>&#8221; font_container=&#8221;tag:h2|font_size:18px|text_align:center&#8221; use_theme_fonts=&#8221;yes&#8221; css=&#8221;.vc_custom_1701679459657{margin-bottom: 20px !important;}&#8221;][\/vc_column_inner][vc_column_inner width=&#8221;1\/6&#8243;][\/vc_column_inner][\/vc_row_inner][\/vc_column][\/vc_row][vc_row wrap_container=&#8221;yes&#8221;][vc_column][vc_row_inner content_placement=&#8221;middle&#8221; animation_delay=&#8221;200&#8243; animation_type=&#8221;fadeInRight&#8221; css=&#8221;.vc_custom_1560189098859{padding-top: 70px !important;}&#8221;][vc_column_inner width=&#8221;3\/5&#8243;][vc_single_image image=&#8221;1544&#8243; img_size=&#8221;full&#8221; el_class=&#8221;mb-0&#8243;][\/vc_column_inner][vc_column_inner width=&#8221;2\/5&#8243;][vc_custom_heading text=&#8221;<b>Jasan vid, sigurno lasersko zavarivanje<\/b>&#8221; font_container=&#8221;tag:h2|font_size:25px|text_align:left&#8221; use_theme_fonts=&#8221;yes&#8221; css=&#8221;.vc_custom_1736532408513{margin-bottom: 10px !important;}&#8221;][vc_custom_heading text=&#8221;&#8221; font_container=&#8221;tag:h2|font_size:25px|text_align:left&#8221; use_theme_fonts=&#8221;yes&#8221; css=&#8221;.vc_custom_1698394057669{margin-bottom: 20px !important;}&#8221;][\/vc_column_inner][\/vc_row_inner][vc_row_inner content_placement=&#8221;middle&#8221; animation_delay=&#8221;600&#8243; animation_type=&#8221;fadeInRight&#8221; css=&#8221;.vc_custom_1624223416674{padding-top: 70px !important;}&#8221;][vc_column_inner][vc_custom_heading text=&#8221;Za\u0161to izabrati <b>Protect<\/b> za\u0161titne nao\u010dale?&#8221; font_container=&#8221;tag:h2|font_size:35px|text_align:center&#8221; use_theme_fonts=&#8221;yes&#8221; css=&#8221;.vc_custom_1736532441894{margin-bottom: 20px !important;}&#8221;][vc_column_text]\u00a0<\/b><\/p>\n<div style=\"text-align: center;\">\n<p>\u2022 Osiguravaju visoku razinu za\u0161tite<br \/>\n\u2022 Skladne su s najvi\u0161im standardima sigurnosti EN 207 i EN 208<br \/>\n\u2022 Zavariva\u010du o\u010duvaju jasan vid, \u0161to je uvjet za to\u010dan i produktivan rad<br \/>\n\u2022 Karakteriziraju ih trajnost i otpornost<br \/>\n\u2022 Napravljene su vo\u0111ene mi\u0161lju o udobnosti<\/p>\n<\/div>\n<p>[\/vc_column_text][vc_video link=&#8221;https:\/\/www.youtube.com\/watch?v=qZ6eQBZj45U&#8221; el_width=&#8221;80&#8243; align=&#8221;center&#8221;][vc_empty_space height=&#8221;50px&#8221;][vc_custom_heading text=&#8221;Mo\u017eete birati izme\u0111u <b>razli\u010ditih modela<\/b>:&#8221; font_container=&#8221;tag:h2|font_size:35px|text_align:center&#8221; use_theme_fonts=&#8221;yes&#8221; css=&#8221;.vc_custom_1736532497268{margin-bottom: 20px !important;}&#8221;][\/vc_column_inner][\/vc_row_inner][vc_row_inner content_placement=&#8221;middle&#8221; animation_delay=&#8221;600&#8243; animation_type=&#8221;fadeInRight&#8221; css=&#8221;.vc_custom_1624223416674{padding-top: 70px !important;}&#8221;][vc_column_inner width=&#8221;1\/4&#8243;][vc_icon icon_fontawesome=&#8221;fas fa-glasses&#8221; color=&#8221;custom&#8221; size=&#8221;xl&#8221; align=&#8221;center&#8221; custom_color=&#8221;#aa7b51&#8243;][vc_custom_heading text=&#8221;<b>Najbolji izbor<\/b> za svakog zavariva\u010da.&#8221; font_container=&#8221;tag:h2|font_size:35px|text_align:center&#8221; use_theme_fonts=&#8221;yes&#8221; css=&#8221;.vc_custom_1736532565561{margin-bottom: 20px !important;}&#8221;][vc_column_text]<\/p>\n<div style=\"text-align: center;\">\n<p>U laserskom zavarivanju za\u0161titne nao\u010dale su neizostavan dio opreme za zavarivanje.<br \/>\n\u0160tite va\u0161e o\u010di od opasnih laserskih zraka, iskri i blje\u0161tanja.<br \/>\n<strong>Odr\u017eavaju jasan i neometan pogled za zavariva\u010da kako bi on mogao precizno obaviti posao.<\/strong><\/p>\n<\/div>\n<p>[\/vc_column_text][vc_empty_space height=&#8221;50px&#8221;][\/vc_column_inner][vc_column_inner width=&#8221;1\/4&#8243;][vc_single_image image=&#8221;2577&#8243; img_size=&#8221;full&#8221; alignment=&#8221;center&#8221;][vc_custom_heading text=&#8221;Laserske nao\u010dale <b>ONTOR<\/b>&#8221; font_container=&#8221;tag:h2|font_size:35px|text_align:center&#8221; use_theme_fonts=&#8221;yes&#8221; css=&#8221;.vc_custom_1736532631683{margin-bottom: 20px !important;}&#8221;][vc_column_text]<\/p>\n<div style=\"text-align: center;\">\n<p>Lake i svestrane za\u0161titne nao\u010dale s plasti\u010dnim okvirom su primjerene za upotrebu nad uobi\u010dajenim nao\u010dalama. Nude \u0161iroko vidno polje, dobru bo\u010dnu za\u0161titu i udobnu prilagodbu. Opremljene su podesivim stranicama i mekanom gumenom presvlakom na predjelu \u010dela.<\/p>\n<\/div>\n<p>[\/vc_column_text][vc_empty_space height=&#8221;50px&#8221;][\/vc_column_inner][vc_column_inner width=&#8221;1\/4&#8243;][vc_single_image image=&#8221;2579&#8243; img_size=&#8221;full&#8221; alignment=&#8221;center&#8221;][vc_custom_heading text=&#8221;Laserske nao\u010dale <b>OPTIMATOR<\/b>&#8221; font_container=&#8221;tag:h2|font_size:35px|text_align:center&#8221; use_theme_fonts=&#8221;yes&#8221; css=&#8221;.vc_custom_1736532636755{margin-bottom: 20px !important;}&#8221;][vc_column_text]<\/p>\n<div style=\"text-align: center;\">\n<p>Elegantne laserske za\u0161titne nao\u010dale s laganim okvirom. Omogu\u0107uju odli\u010dno prianjanje s nosnim zahvatom i mekim zavr\u0161ecima stranica, te dodatnom bo\u010dnom za\u0161titom s tehnologijom \u201eWrap-Around\u201c.<\/p>\n<\/div>\n<p>[\/vc_column_text][vc_empty_space height=&#8221;50px&#8221;][\/vc_column_inner][vc_column_inner width=&#8221;1\/4&#8243;][vc_single_image image=&#8221;2581&#8243; img_size=&#8221;full&#8221; alignment=&#8221;center&#8221;][vc_custom_heading text=&#8221;Laserske nao\u010dale <b>TERMINATOR<\/b>&#8221; font_container=&#8221;tag:h2|font_size:35px|text_align:center&#8221; use_theme_fonts=&#8221;yes&#8221; css=&#8221;.vc_custom_1736532641592{margin-bottom: 20px !important;}&#8221;][vc_column_text]<\/p>\n<div style=\"text-align: center;\">\n<p>Sportske za\u0161titne laserske nao\u010dale s iznimno lakim okvirom i nosnom potporom, osiguravaju odli\u010dnu prilagodbu. Stranice nao\u010dala su prilagodljive u du\u017eini i kutu. Nao\u010dale nude \u0161iroku za\u0161titu pri odr\u017eavanju neograni\u010denog vidnog polja i sprje\u010davaju zamagljivanje stakla zra\u010dnim otvorima izme\u0111u stakla i okvira.<\/p>\n<\/div>\n<p>[\/vc_column_text][\/vc_column_inner][\/vc_row_inner][vc_row_inner content_placement=&#8221;middle&#8221; animation_delay=&#8221;600&#8243; animation_type=&#8221;fadeInRight&#8221; css=&#8221;.vc_custom_1624223416674{padding-top: 70px !important;}&#8221;][vc_column_inner width=&#8221;1\/4&#8243;][vc_single_image image=&#8221;2583&#8243; img_size=&#8221;&#8221; alignment=&#8221;center&#8221;][vc_custom_heading text=&#8221;Laserske nao\u010dale <b>COMBOR<\/b>&#8221; font_container=&#8221;tag:h2|font_size:35px|text_align:center&#8221; use_theme_fonts=&#8221;yes&#8221; css=&#8221;.vc_custom_1736532663162{margin-bottom: 20px !important;}&#8221;][vc_column_text]<\/p>\n<div style=\"text-align: center;\">\n<p>Lagane i sportske laserske za\u0161titne nao\u010dale s okvirom iz plastike i mekanim nosnim mostom. Osiguravaju odli\u010dno prianjanje i dodatnu bo\u010dnu za\u0161titu s tehnologijom \u201eWrap-Around\u201c. Po potrebi se stranice mogu nadomjestiti s prilo\u017eenom trakom za glavu.<\/p>\n<\/div>\n<p>[\/vc_column_text][vc_empty_space height=&#8221;50px&#8221;][\/vc_column_inner][vc_column_inner width=&#8221;1\/4&#8243;][vc_single_image image=&#8221;2585&#8243; img_size=&#8221;&#8221; alignment=&#8221;center&#8221;][vc_custom_heading text=&#8221;Laserske nao\u010dale <b>SPECTOR<\/b>&#8221; font_container=&#8221;tag:h2|font_size:35px|text_align:center&#8221; use_theme_fonts=&#8221;yes&#8221; css=&#8221;.vc_custom_1736532658129{margin-bottom: 20px !important;}&#8221;][vc_column_text]<\/p>\n<div style=\"text-align: center;\">\n<p>Visokokvalitetne laserske za\u0161titne nao\u010dale, izra\u0111ene iz lagane aluminijske legure. Tijesno zatvoren okvir s mekom postavljenom potporom za lice, sprje\u010dava zamagljivanje nao\u010dala. Nao\u010dale se mogu nositi preko obi\u010dnih nao\u010dala, i s podesivom elasti\u010dnom trakom za glavu osiguravaju udobnost, tako\u0111er kod du\u017eih radnih procesa.<\/p>\n<\/div>\n<p>[\/vc_column_text][vc_empty_space height=&#8221;50px&#8221;][\/vc_column_inner][vc_column_inner width=&#8221;1\/4&#8243;][vc_single_image image=&#8221;2587&#8243; img_size=&#8221;&#8221; alignment=&#8221;center&#8221;][vc_custom_heading text=&#8221;Laserske nao\u010dale <b>STARLIGHT<\/b>&#8221; font_container=&#8221;tag:h2|font_size:35px|text_align:center&#8221; use_theme_fonts=&#8221;yes&#8221; css=&#8221;.vc_custom_1736532653012{margin-bottom: 20px !important;}&#8221;][vc_column_text]<\/p>\n<div style=\"text-align: center;\">\n<p>Nao\u010dale STARLIGHT su lagane i elegantne laserske za\u0161titne nao\u010dale. Njihov okvir pru\u017ea savr\u0161eno prilago\u0111avanje zahvaljuju\u0107i podesivim stranicama, gumenoj traci u podru\u010dju \u010dela, kao i dodatnoj lateralnoj za\u0161titi zahvaljuju\u0107i dizajnu s preklapanjem.<\/p>\n<\/div>\n<p>[\/vc_column_text][vc_empty_space height=&#8221;50px&#8221;][\/vc_column_inner][vc_column_inner width=&#8221;1\/4&#8243;][vc_single_image image=&#8221;2589&#8243; img_size=&#8221;&#8221; alignment=&#8221;center&#8221;][vc_custom_heading text=&#8221;Laserske nao\u010dale <b>GLADIATOR<\/b>&#8221; font_container=&#8221;tag:h2|font_size:35px|text_align:center&#8221; use_theme_fonts=&#8221;yes&#8221; css=&#8221;.vc_custom_1736532648045{margin-bottom: 20px !important;}&#8221;][vc_column_text]<\/p>\n<div style=\"text-align: center;\">\n<p>Radi se o visokokvalitetnim i modernim laserskim za\u0161titnim nao\u010dalama iz lagane aluminijske legure. Tijesno se prilago\u0111avaju licu zbog mekane gumene postave po cijelom obodu. Postava je periva i zamjenjiva. Zra\u010dni raspori sprje\u010davaju zamagljivanje stakla. Nao\u010dale su primjerene za no\u0161enje nad uobi\u010dajenim nao\u010dalama i osiguravaju optimalnu udobnost pomo\u0107u elasti\u010dne trake za glavu, tako\u0111er kod du\u017eih radnih procesa.<\/p>\n<\/div>\n<p>[\/vc_column_text][\/vc_column_inner][\/vc_row_inner][\/vc_column][\/vc_row][vc_row wrap_container=&#8221;yes&#8221;][vc_column][vc_empty_space][vc_column_text]<\/p>\n<table style=\"height: 622px;\" width=\"762\">\n<tbody>\n<tr>\n<td width=\"121\"><strong> BROJ<br \/>\nARTIKLA<\/strong><\/td>\n<td width=\"121\"><strong> MODEL<\/strong><\/td>\n<td width=\"121\"><strong>VIDLJIVA SVJETLOSNA PROPUSNOST<\/strong><\/td>\n<td width=\"121\"><strong>BOJA FILTERA<br \/>\n<\/strong><\/td>\n<td width=\"121\"><strong>STUPANJ ZA\u0160TITE<br \/>\n<\/strong><\/td>\n<\/tr>\n<tr>\n<td width=\"121\"><span style=\"color: #aa7b51;\"><strong> PVC LE\u0106E<\/strong><\/span><\/td>\n<td width=\"121\"><\/td>\n<td width=\"121\"><\/td>\n<td width=\"121\"><\/td>\n<td width=\"121\"><\/td>\n<\/tr>\n<tr>\n<td width=\"121\">000-K0278-ONTO-54<\/td>\n<td width=\"121\">ONTOR <span style=\"font-size: 24px;\"><strong>*<\/strong><\/span><\/td>\n<td width=\"121\">30 %<\/td>\n<td width=\"121\">NARAN\u010cASTA<\/td>\n<td width=\"121\">OD8+<\/td>\n<\/tr>\n<tr>\n<td width=\"121\">000-K0278-OPTI-62<\/td>\n<td width=\"121\">OPTIMATOR<\/td>\n<td width=\"121\">30 %<\/td>\n<td width=\"121\">NARAN\u010cASTA<\/td>\n<td width=\"121\">OD8+<\/td>\n<\/tr>\n<tr>\n<td width=\"121\">000-K0278-TERM-54<\/td>\n<td width=\"121\">TERMINATOR<\/td>\n<td width=\"121\">30 %<\/td>\n<td width=\"121\">NARAN\u010cASTA<\/td>\n<td width=\"121\">OD8+<\/td>\n<\/tr>\n<tr>\n<td width=\"121\">000-K0278-COMB-55<\/td>\n<td width=\"121\">COMBOR<\/td>\n<td width=\"121\">30 %<\/td>\n<td width=\"121\">NARAN\u010cASTA<\/td>\n<td width=\"121\">OD8+<\/td>\n<\/tr>\n<tr>\n<td width=\"121\">000-K0358-GLAD-20<\/td>\n<td width=\"121\">GLADIATOR<\/td>\n<td width=\"121\">28 %<\/td>\n<td width=\"121\">SME\u0110A<\/td>\n<td width=\"121\">OD8+<\/td>\n<\/tr>\n<tr>\n<td width=\"121\">000-K0358-SPEC-20<\/td>\n<td width=\"121\">SPECTOR <span style=\"font-size: 24px;\"><strong>*<\/strong><\/span><\/td>\n<td width=\"121\">28 %<\/td>\n<td width=\"121\">SME\u0110A<\/td>\n<td width=\"121\">OD8+<\/td>\n<\/tr>\n<tr>\n<td width=\"121\">000-K0206-STAR<\/td>\n<td width=\"121\">STARLIGHT<\/td>\n<td width=\"121\">20 %<\/td>\n<td width=\"121\">ZELENA<\/td>\n<td width=\"121\">OD8+<\/td>\n<\/tr>\n<tr>\n<td width=\"121\"><\/td>\n<td width=\"121\"><\/td>\n<td width=\"121\"><\/td>\n<td width=\"121\"><\/td>\n<td width=\"121\"><\/td>\n<\/tr>\n<tr>\n<td width=\"121\"><span style=\"color: #aa7b51;\"><strong>STAKLENE LE\u0106E<\/strong><\/span><\/td>\n<td width=\"121\"><\/td>\n<td width=\"121\"><\/td>\n<td width=\"121\"><\/td>\n<td width=\"121\"><\/td>\n<\/tr>\n<tr>\n<td width=\"121\">000-G0264-GLAD-20<\/td>\n<td width=\"121\">GLADIATOR <span style=\"font-size: 24px;\"><strong>*<\/strong><\/span><\/td>\n<td width=\"121\">30 %<\/td>\n<td width=\"121\">NARAN\u010cASTA<\/td>\n<td width=\"121\">OD10+<\/td>\n<\/tr>\n<\/tbody>\n<\/table>\n<p style=\"text-align: center;\">Laserske nao\u010dale PROTECT, ozna\u010dene s zvjezdicom<span style=\"font-size: 24px;\"><strong>*<\/strong><\/span>,<strong><br \/>\nsu primjerene za zavariva\u010de koji nose korekcijske nao\u010dale.<\/strong><\/p>\n<p>[\/vc_column_text][vc_custom_heading text=&#8221;<b>Za\u0161titne nao\u010dale PROTECT<\/b> &#8211; za siguran rad s laserom&#8221; font_container=&#8221;tag:h2|font_size:35px|text_align:center&#8221; use_theme_fonts=&#8221;yes&#8221; css=&#8221;.vc_custom_1701680034766{margin-bottom: 20px !important;}&#8221;][\/vc_column][\/vc_row][vc_row][vc_column width=&#8221;1\/4&#8243;][\/vc_column][vc_column width=&#8221;1\/2&#8243;][vc_btn title=&#8221;Preuzmite PDF prezentaciju&#8221; style=&#8221;outline&#8221; align=&#8221;center&#8221; skin=&#8221;dark&#8221; link=&#8221;url:https%3A%2F%2Fwww.x-las.si%2Fwp-content%2Fuploads%2F2023%2F11%2FPROTECT-Laserska-zascitna-ocala-X-LAS-d-o-o.pdf|title:Letak%20-%20Protect%20-%20za%C5%A1titne%20nao%C4%8Dale%20za%20lasersko%20zavarivanje|target:_blank|&#8221; el_class=&#8221;btn-style-1&#8243; animation_type=&#8221;fadeInUp&#8221;][\/vc_column][vc_column width=&#8221;1\/4&#8243;][\/vc_column][\/vc_row]<\/p>\n<\/div>","protected":false},"excerpt":{"rendered":"<p>[vc_row wrap_container=&#8221;yes&#8221;][vc_column][vc_row_inner content_placement=&#8221;middle&#8221; animation_delay=&#8221;200&#8243; animation_type=&#8221;fadeInRight&#8221; css=&#8221;.vc_custom_1560189098859{padding-top: 70px !important;}&#8221;][vc_column_inner width=&#8221;1\/6&#8243;][\/vc_column_inner][vc_column_inner width=&#8221;2\/3&#8243;][vc_custom_heading text=&#8221;Za\u0161titne nao\u010dale za lasersko zavarivanje Protect &#8221; font_container=&#8221;tag:h1|font_size:36px|text_align:center&#8221; use_theme_fonts=&#8221;yes&#8221; css=&#8221;.vc_custom_1736532356430{margin-bottom: 30px !important;}&#8221;][vc_custom_heading text=&#8221;Kod laserskog zavarivanja su za\u0161titne nao\u010dale neophodan dio opreme za zavarivanje. \u0160tite o\u010di pred opasnim laserskim zrakama, iskrama i blje\u0161tavilom. Zavariva\u010du o\u010duvaju jasan i nesmetan vid, kako bi mogao posao obavljati to\u010dno.&#8221; font_container=&#8221;tag:h2|font_size:18px|text_align:center&#8221; [&hellip;]<\/p>\n","protected":false},"author":2,"featured_media":0,"parent":0,"menu_order":0,"comment_status":"closed","ping_status":"closed","template":"","meta":{"_monsterinsights_skip_tracking":false,"_monsterinsights_sitenote_active":false,"_monsterinsights_sitenote_note":"","_monsterinsights_sitenote_category":0,"footnotes":""},"class_list":["post-1879","page","type-page","status-publish","hentry"],"_links":{"self":[{"href":"https:\/\/www.x-las.si\/hr\/wp-json\/wp\/v2\/pages\/1879"}],"collection":[{"href":"https:\/\/www.x-las.si\/hr\/wp-json\/wp\/v2\/pages"}],"about":[{"href":"https:\/\/www.x-las.si\/hr\/wp-json\/wp\/v2\/types\/page"}],"author":[{"embeddable":true,"href":"https:\/\/www.x-las.si\/hr\/wp-json\/wp\/v2\/users\/2"}],"replies":[{"embeddable":true,"href":"https:\/\/www.x-las.si\/hr\/wp-json\/wp\/v2\/comments?post=1879"}],"version-history":[{"count":6,"href":"https:\/\/www.x-las.si\/hr\/wp-json\/wp\/v2\/pages\/1879\/revisions"}],"predecessor-version":[{"id":2826,"href":"https:\/\/www.x-las.si\/hr\/wp-json\/wp\/v2\/pages\/1879\/revisions\/2826"}],"wp:attachment":[{"href":"https:\/\/www.x-las.si\/hr\/wp-json\/wp\/v2\/media?parent=1879"}],"curies":[{"name":"wp","href":"https:\/\/api.w.org\/{rel}","templated":true}]}}