{"id":1888,"date":"2022-08-24T11:46:41","date_gmt":"2022-08-24T09:46:41","guid":{"rendered":"https:\/\/www.x-las.si\/zaposljavanje\/"},"modified":"2024-04-08T09:14:06","modified_gmt":"2024-04-08T07:14:06","slug":"zaposljavanje","status":"publish","type":"page","link":"https:\/\/www.x-las.si\/hr\/zaposljavanje\/","title":{"rendered":"Zapo\u0161ljavanje"},"content":{"rendered":"<div class=\"wpb-content-wrapper\"><p>[vc_row][vc_column width=&#8221;1\/6&#8243;][\/vc_column][vc_column width=&#8221;2\/3&#8243;][\/vc_column][vc_column width=&#8221;1\/6&#8243;][\/vc_column][\/vc_row][vc_row][vc_column width=&#8221;1\/6&#8243;][\/vc_column][vc_column width=&#8221;2\/3&#8243;]<script type=\"text\/javascript\">var gform;gform||(document.addEventListener(\"gform_main_scripts_loaded\",function(){gform.scriptsLoaded=!0}),window.addEventListener(\"DOMContentLoaded\",function(){gform.domLoaded=!0}),gform={domLoaded:!1,scriptsLoaded:!1,initializeOnLoaded:function(o){gform.domLoaded&&gform.scriptsLoaded?o():!gform.domLoaded&&gform.scriptsLoaded?window.addEventListener(\"DOMContentLoaded\",o):document.addEventListener(\"gform_main_scripts_loaded\",o)},hooks:{action:{},filter:{}},addAction:function(o,n,r,t){gform.addHook(\"action\",o,n,r,t)},addFilter:function(o,n,r,t){gform.addHook(\"filter\",o,n,r,t)},doAction:function(o){gform.doHook(\"action\",o,arguments)},applyFilters:function(o){return gform.doHook(\"filter\",o,arguments)},removeAction:function(o,n){gform.removeHook(\"action\",o,n)},removeFilter:function(o,n,r){gform.removeHook(\"filter\",o,n,r)},addHook:function(o,n,r,t,i){null==gform.hooks[o][n]&&(gform.hooks[o][n]=[]);var e=gform.hooks[o][n];null==i&&(i=n+\"_\"+e.length),gform.hooks[o][n].push({tag:i,callable:r,priority:t=null==t?10:t})},doHook:function(n,o,r){var t;if(r=Array.prototype.slice.call(r,1),null!=gform.hooks[n][o]&&((o=gform.hooks[n][o]).sort(function(o,n){return o.priority-n.priority}),o.forEach(function(o){\"function\"!=typeof(t=o.callable)&&(t=window[t]),\"action\"==n?t.apply(null,r):r[0]=t.apply(null,r)})),\"filter\"==n)return r[0]},removeHook:function(o,n,t,i){var r;null!=gform.hooks[o][n]&&(r=(r=gform.hooks[o][n]).filter(function(o,n,r){return!!(null!=i&&i!=o.tag||null!=t&&t!=o.priority)}),gform.hooks[o][n]=r)}});<\/script>\n                <div class='gf_browser_gecko gform_wrapper gravity-theme gform-theme--no-framework' data-form-theme='gravity-theme' data-form-index='0' id='gform_wrapper_2' >\n                        <div class='gform_heading'>\n\t\t\t\t\t\t\t<p class='gform_required_legend' style='display:none;'>&quot;<span class=\"gfield_required gfield_required_asterisk\">*<\/span>&quot; Izpolniti je potrebno vsa polja.<\/p>\n                        <\/div><form method='post' enctype='multipart\/form-data'  id='gform_2'  action='\/hr\/wp-json\/wp\/v2\/pages\/1888' data-formid='2' novalidate> \r\n <input type='hidden' class='gforms-pum' value='{\"closepopup\":false,\"closedelay\":0,\"openpopup\":false,\"openpopup_id\":0}' \/>\n                        <div class='gform-body gform_body'><div id='gform_fields_2' class='gform_fields top_label form_sublabel_above description_above'><div id=\"field_2_35\"  class=\"gfield gfield--type-html gfield--width-full gfield_html gfield_html_formatted gfield_no_follows_desc field_sublabel_above gfield--no-description field_description_above gfield_visibility_visible\"  data-js-reload=\"field_2_35\">\u017deli\u0161 se pridru\u017eiti ekipi stru\u010dnjaka na podru\u010dju laserskog rezanja i zavarivanja? Ispuni donji obrazac i predstavi nam se. Javit \u0107emo ti se s povratnim informacijama o trenutnim mogu\u0107nostima zaposlenja. <\/br> <\/br><\/div><div id=\"field_2_24\"  class=\"gfield gfield--type-text gfield--width-half gfield_contains_required field_sublabel_above gfield--no-description field_description_above gfield_visibility_visible\"  data-js-reload=\"field_2_24\"><label class='gfield_label gform-field-label' for='input_2_24' >Ime<span class=\"gfield_required\"><span class=\"gfield_required gfield_required_asterisk\">*<\/span><\/span><\/label><div class='ginput_container ginput_container_text'><input name='input_24' id='input_2_24' type='text' value='' class='large'     aria-required=\"true\" aria-invalid=\"false\"   \/> <\/div><\/div><div id=\"field_2_23\"  class=\"gfield gfield--type-text gfield--width-half gfield_contains_required field_sublabel_above gfield--no-description field_description_above gfield_visibility_visible\"  data-js-reload=\"field_2_23\"><label class='gfield_label gform-field-label' for='input_2_23' >Prezime<span class=\"gfield_required\"><span class=\"gfield_required gfield_required_asterisk\">*<\/span><\/span><\/label><div class='ginput_container ginput_container_text'><input name='input_23' id='input_2_23' type='text' value='' class='large'     aria-required=\"true\" aria-invalid=\"false\"   \/> <\/div><\/div><div id=\"field_2_25\"  class=\"gfield gfield--type-phone gfield--width-half gfield_contains_required field_sublabel_above gfield--no-description field_description_above gfield_visibility_visible\"  data-js-reload=\"field_2_25\"><label class='gfield_label gform-field-label' for='input_2_25' >Telefon<span class=\"gfield_required\"><span class=\"gfield_required gfield_required_asterisk\">*<\/span><\/span><\/label><div class='ginput_container ginput_container_phone'><input name='input_25' id='input_2_25' type='tel' value='' class='large'   aria-required=\"true\" aria-invalid=\"false\"   \/><\/div><\/div><div id=\"field_2_2\"  class=\"gfield gfield--type-email gfield--width-half gfield_contains_required field_sublabel_above gfield--no-description field_description_above gfield_visibility_visible\"  data-js-reload=\"field_2_2\"><label class='gfield_label gform-field-label' for='input_2_2' >E-adresa<span class=\"gfield_required\"><span class=\"gfield_required gfield_required_asterisk\">*<\/span><\/span><\/label><div class='ginput_container ginput_container_email'>\n                            <input name='input_2' id='input_2_2' type='email' value='' class='large'    aria-required=\"true\" aria-invalid=\"false\"  autocomplete=\"email\"\/>\n                        <\/div><\/div><div id=\"field_2_26\"  class=\"gfield gfield--type-select gfield--width-full gfield_contains_required field_sublabel_above gfield--no-description field_description_above gfield_visibility_visible\"  data-js-reload=\"field_2_26\"><label class='gfield_label gform-field-label' for='input_2_26' >Obrazovanje<span class=\"gfield_required\"><span class=\"gfield_required gfield_required_asterisk\">*<\/span><\/span><\/label><div class='ginput_container ginput_container_select'><select name='input_26' id='input_2_26' class='large gfield_select'    aria-required=\"true\" aria-invalid=\"false\" ><option value='Osnovno\u0161kolsko obrazovanje' >Osnovno\u0161kolsko obrazovanje<\/option><option value='Srednje\u0161kolsko obrazovanje' >Srednje\u0161kolsko obrazovanje<\/option><option value='Stru\u010dno obrazovanje' >Stru\u010dno obrazovanje<\/option><option value='Vi\u0161e ili visoko\u0161kolsko obrazovanje' >Vi\u0161e ili visoko\u0161kolsko obrazovanje<\/option><option value='Fakultetsko obrazovanje' >Fakultetsko obrazovanje<\/option><option value='Magisterij, specijalizacija, doktorat' >Magisterij, specijalizacija, doktorat<\/option><option value='Drugo' >Drugo<\/option><\/select><\/div><\/div><div id=\"field_2_28\"  class=\"gfield gfield--type-text gfield--width-full gfield_contains_required field_sublabel_above gfield--no-description field_description_above gfield_visibility_visible\"  data-js-reload=\"field_2_28\"><label class='gfield_label gform-field-label' for='input_2_28' >Godina ro\u0111enja<span class=\"gfield_required\"><span class=\"gfield_required gfield_required_asterisk\">*<\/span><\/span><\/label><div class='ginput_container ginput_container_text'><input name='input_28' id='input_2_28' type='text' value='' class='large'     aria-required=\"true\" aria-invalid=\"false\"   \/> <\/div><\/div><div id=\"field_2_29\"  class=\"gfield gfield--type-text gfield--width-full gfield_contains_required field_sublabel_above gfield--no-description field_description_above gfield_visibility_visible\"  data-js-reload=\"field_2_29\"><label class='gfield_label gform-field-label' for='input_2_29' >Adresa<span class=\"gfield_required\"><span class=\"gfield_required gfield_required_asterisk\">*<\/span><\/span><\/label><div class='ginput_container ginput_container_text'><input name='input_29' id='input_2_29' type='text' value='' class='large'     aria-required=\"true\" aria-invalid=\"false\"   \/> <\/div><\/div><div id=\"field_2_31\"  class=\"gfield gfield--type-text gfield--width-half gfield_contains_required field_sublabel_above gfield--no-description field_description_above gfield_visibility_visible\"  data-js-reload=\"field_2_31\"><label class='gfield_label gform-field-label' for='input_2_31' >Po\u0161tanski broj<span class=\"gfield_required\"><span class=\"gfield_required gfield_required_asterisk\">*<\/span><\/span><\/label><div class='ginput_container ginput_container_text'><input name='input_31' id='input_2_31' type='text' value='' class='large'     aria-required=\"true\" aria-invalid=\"false\"   \/> <\/div><\/div><div id=\"field_2_30\"  class=\"gfield gfield--type-text gfield--width-half gfield_contains_required field_sublabel_above gfield--no-description field_description_above gfield_visibility_visible\"  data-js-reload=\"field_2_30\"><label class='gfield_label gform-field-label' for='input_2_30' >Mjesto<span class=\"gfield_required\"><span class=\"gfield_required gfield_required_asterisk\">*<\/span><\/span><\/label><div class='ginput_container ginput_container_text'><input name='input_30' id='input_2_30' type='text' value='' class='large'     aria-required=\"true\" aria-invalid=\"false\"   \/> <\/div><\/div><div id=\"field_2_32\"  class=\"gfield gfield--type-text gfield--width-full gfield_contains_required field_sublabel_above gfield--no-description field_description_above gfield_visibility_visible\"  data-js-reload=\"field_2_32\"><label class='gfield_label gform-field-label' for='input_2_32' >Dr\u017eava<span class=\"gfield_required\"><span class=\"gfield_required gfield_required_asterisk\">*<\/span><\/span><\/label><div class='ginput_container ginput_container_text'><input name='input_32' id='input_2_32' type='text' value='' class='large'     aria-required=\"true\" aria-invalid=\"false\"   \/> <\/div><\/div><div id=\"field_2_33\"  class=\"gfield gfield--type-text gfield--width-full gfield_contains_required field_sublabel_above gfield--no-description field_description_above gfield_visibility_visible\"  data-js-reload=\"field_2_33\"><label class='gfield_label gform-field-label' for='input_2_33' >Trenutno zaposlenje<span class=\"gfield_required\"><span class=\"gfield_required gfield_required_asterisk\">*<\/span><\/span><\/label><div class='ginput_container ginput_container_text'><input name='input_33' id='input_2_33' type='text' value='' class='large'     aria-required=\"true\" aria-invalid=\"false\"   \/> <\/div><\/div><div id=\"field_2_34\"  class=\"gfield gfield--type-text gfield--width-full gfield_contains_required field_sublabel_above gfield--no-description field_description_above gfield_visibility_visible\"  data-js-reload=\"field_2_34\"><label class='gfield_label gform-field-label' for='input_2_34' >Podru\u010dje rada, koje te zanima<span class=\"gfield_required\"><span class=\"gfield_required gfield_required_asterisk\">*<\/span><\/span><\/label><div class='ginput_container ginput_container_text'><input name='input_34' id='input_2_34' type='text' value='' class='large'     aria-required=\"true\" aria-invalid=\"false\"   \/> <\/div><\/div><div id=\"field_2_13\"  class=\"gfield gfield--type-fileupload field_sublabel_above gfield--has-description field_description_above gfield_visibility_visible\"  data-js-reload=\"field_2_13\"><label class='gfield_label gform-field-label' for='input_2_13' >\u017divotopis<\/label><div class='gfield_description' id='gfield_description_2_13'>Prilo\u017eite svoj \u017eivotopis u .pdf, .doc ili .docx formatu<\/div><div class='ginput_container ginput_container_fileupload'><input type='hidden' name='MAX_FILE_SIZE' value='67108864' \/><input name='input_13' id='input_2_13' type='file' class='medium' aria-describedby=\"gfield_upload_rules_2_13 gfield_description_2_13\" onchange='javascript:gformValidateFileSize( this, 67108864 );'  \/><span class='gfield_description gform_fileupload_rules' id='gfield_upload_rules_2_13'>Najve\u010dja dovoljena velikost: 64 MB.<\/span><div class='gfield_description validation_message gfield_validation_message validation_message--hidden-on-empty' id='live_validation_message_2_13'><\/div><\/div><\/div><fieldset id=\"field_2_22\"  class=\"gfield gfield--type-consent gfield--type-choice gfield--width-full gfield_contains_required field_sublabel_above gfield--no-description field_description_above hidden_label gfield_visibility_visible\"  data-js-reload=\"field_2_22\"><legend class='gfield_label gform-field-label gfield_label_before_complex'  >Suglasnost za obradu podataka<span class=\"gfield_required\"><span class=\"gfield_required gfield_required_asterisk\">*<\/span><\/span><\/legend><div class='ginput_container ginput_container_consent'><input name='input_22.1' id='input_2_22_1' type='checkbox' value='1'   aria-required=\"true\" aria-invalid=\"false\"   \/> <label class=\"gform-field-label gform-field-label--type-inline gfield_consent_label\" for='input_2_22_1' >Sla\u017eem se s obradom mojih osobnih podataka u skladu s <a href=\"https:\/\/www.x-las.si\/wp-content\/uploads\/2023\/08\/Pogoji-zasebnosti-pri-kadrovanju-X-LAS.pdf\" target=\"_blank\">Informacijom o obradi osobnih podataka<\/a>.<span class=\"gfield_required gfield_required_asterisk\">*<\/span><\/label><input type='hidden' name='input_22.2' value='Sla\u017eem se s obradom mojih osobnih podataka u skladu s &lt;a href=&quot;https:\/\/www.x-las.si\/wp-content\/uploads\/2023\/08\/Pogoji-zasebnosti-pri-kadrovanju-X-LAS.pdf&quot; target=&quot;_blank&quot;&gt;Informacijom o obradi osobnih podataka&lt;\/a&gt;.' class='gform_hidden' \/><input type='hidden' name='input_22.3' value='3' class='gform_hidden' \/><\/div><\/fieldset><div id=\"field_2_37\"  class=\"gfield gfield--type-html gfield--width-full gfield_html gfield_html_formatted gfield_no_follows_desc field_sublabel_above gfield--no-description field_description_above gfield_visibility_visible\"  data-js-reload=\"field_2_37\"><i>* Sva polja se trebaju ispuniti.<\/i><\/div><\/div><\/div>\n        <div class='gform_footer top_label'> <input type='submit' id='gform_submit_button_2' class='gform_button button gform-button--width-full' value='Pridru\u017ei nam se'  onclick='if(window[\"gf_submitting_2\"]){return false;}  if( !jQuery(\"#gform_2\")[0].checkValidity || jQuery(\"#gform_2\")[0].checkValidity()){window[\"gf_submitting_2\"]=true;}  ' onkeypress='if( event.keyCode == 13 ){ if(window[\"gf_submitting_2\"]){return false;} if( !jQuery(\"#gform_2\")[0].checkValidity || jQuery(\"#gform_2\")[0].checkValidity()){window[\"gf_submitting_2\"]=true;}  jQuery(\"#gform_2\").trigger(\"submit\",[true]); }' \/> \n            <input type='hidden' class='gform_hidden' name='is_submit_2' value='1' \/>\n            <input type='hidden' class='gform_hidden' name='gform_submit' value='2' \/>\n            \n            <input type='hidden' class='gform_hidden' name='gform_unique_id' value='' \/>\n            <input type='hidden' class='gform_hidden' name='state_2' value='WyJ7XCIyNlwiOltcImEzOGViMzc5Yzc3NTVmMjhiMjY0OTBjZWExODViM2MxXCIsXCJjZDBhMDE5ZWZkYzQ5ZmJmMDAzYTgxOGMyMTFmN2UxYVwiLFwiNDVjZjYwNTZlYWY5ZDRiZDNiYzc3ZjBkNDk0NzI1ZjRcIixcIjA2NTE0NmFmYWNmMWZjMjJkMjM4Y2FjNWI1YmU4MzMxXCIsXCIwZDM0MDY3MzRmYTRhOGMyN2RlNDVhMTU4NjdhNDk3MFwiLFwiZTgxM2VjZWQ2M2VlNWZkZjI1NjcwZTNjZjAyYzgzNTdcIixcImNhZGMwNDcwOTNkY2IwMDVkZmZiZGFlOGMyNTAxMGU4XCJdLFwiMjIuMVwiOlwiYTQ3MDA4NWE0YTQwYWQzNzc5NzY0MGJkOGQ5ZjM5ZGFcIixcIjIyLjJcIjpcIjRhMTE4NzE2NjUxMGNhMjJlNGZhZjQ2NThkMDY0OTVjXCIsXCIyMi4zXCI6XCJkYzAwMTExNGNiN2QwMDM3NGU3YzQ3NzI1ZmQ5N2RjN1wifSIsIjI0ZDQyOGQ4MTI2NWE5MGM0MzE5YTBhMDMxYjM2MTVlIl0=' \/>\n            <input type='hidden' class='gform_hidden' name='gform_target_page_number_2' id='gform_target_page_number_2' value='0' \/>\n            <input type='hidden' class='gform_hidden' name='gform_source_page_number_2' id='gform_source_page_number_2' value='1' \/>\n            <input type='hidden' name='gform_field_values' value='' \/>\n            \n        <\/div>\n                        <\/form>\n                        <\/div><script>\ngform.initializeOnLoaded( function() {gformInitSpinner( 2, 'https:\/\/www.x-las.si\/wp-content\/plugins\/gravityforms\/images\/spinner.svg', true );jQuery('#gform_ajax_frame_2').on('load',function(){var contents = jQuery(this).contents().find('*').html();var is_postback = contents.indexOf('GF_AJAX_POSTBACK') >= 0;if(!is_postback){return;}var form_content = jQuery(this).contents().find('#gform_wrapper_2');var is_confirmation = jQuery(this).contents().find('#gform_confirmation_wrapper_2').length > 0;var is_redirect = contents.indexOf('gformRedirect(){') >= 0;var is_form = form_content.length > 0 && ! is_redirect && ! is_confirmation;var mt = parseInt(jQuery('html').css('margin-top'), 10) + parseInt(jQuery('body').css('margin-top'), 10) + 100;if(is_form){jQuery('#gform_wrapper_2').html(form_content.html());if(form_content.hasClass('gform_validation_error')){jQuery('#gform_wrapper_2').addClass('gform_validation_error');} else {jQuery('#gform_wrapper_2').removeClass('gform_validation_error');}setTimeout( function() { \/* delay the scroll by 50 milliseconds to fix a bug in chrome *\/  }, 50 );if(window['gformInitDatepicker']) {gformInitDatepicker();}if(window['gformInitPriceFields']) {gformInitPriceFields();}var current_page = jQuery('#gform_source_page_number_2').val();gformInitSpinner( 2, 'https:\/\/www.x-las.si\/wp-content\/plugins\/gravityforms\/images\/spinner.svg', true );jQuery(document).trigger('gform_page_loaded', [2, current_page]);window['gf_submitting_2'] = false;}else if(!is_redirect){var confirmation_content = jQuery(this).contents().find('.GF_AJAX_POSTBACK').html();if(!confirmation_content){confirmation_content = contents;}setTimeout(function(){jQuery('#gform_wrapper_2').replaceWith(confirmation_content);jQuery(document).trigger('gform_confirmation_loaded', [2]);window['gf_submitting_2'] = false;wp.a11y.speak(jQuery('#gform_confirmation_message_2').text());}, 50);}else{jQuery('#gform_2').append(contents);if(window['gformRedirect']) {gformRedirect();}}jQuery(document).trigger('gform_post_render', [2, current_page]);gform.utils.trigger({ event: 'gform\/postRender', native: false, data: { formId: 2, currentPage: current_page } });} );} );\n<\/script>\n[\/vc_column][vc_column width=&#8221;1\/6&#8243;][\/vc_column][\/vc_row][vc_row css=&#8221;.vc_custom_1691834057704{margin-top: 50px !important;}&#8221;][vc_column width=&#8221;1\/6&#8243;][\/vc_column][vc_column width=&#8221;2\/3&#8243;]<div class=\"porto-sicon-box  wpb_custom_1efe903570d178ff0a9b7bfa5febd3a4 style_1 left-icon\"><div class=\"porto-sicon-left\"><div class=\"porto-just-icon-wrapper porto-icon none\" style=\"color:#aa7b51;font-size:32px;\"><i class=\"fas fa-phone\"><\/i><\/div><\/div><div class=\"porto-sicon-body\"><div class=\"porto-sicon-header\"><h3 class=\"porto-sicon-title\" style=\"\">Vi\u0161e informacija<\/h3><\/div> <!-- header --><div class=\"porto-sicon-description\" style=\"\"><a href=\"mailto:info@x-las.si\">info@x-las.si<\/a><br \/>\n+386 (0) 2 574 24 70<\/div> <!-- description --><\/div><\/div><!-- porto-sicon-box -->[\/vc_column][vc_column width=&#8221;1\/6&#8243;][\/vc_column][\/vc_row]<\/p>\n<\/div>","protected":false},"excerpt":{"rendered":"<p>[vc_row][vc_column width=&#8221;1\/6&#8243;][\/vc_column][vc_column width=&#8221;2\/3&#8243;][\/vc_column][vc_column width=&#8221;1\/6&#8243;][\/vc_column][\/vc_row][vc_row][vc_column width=&#8221;1\/6&#8243;][\/vc_column][vc_column width=&#8221;2\/3&#8243;][\/vc_column][vc_column width=&#8221;1\/6&#8243;][\/vc_column][\/vc_row][vc_row css=&#8221;.vc_custom_1691834057704{margin-top: 50px !important;}&#8221;][vc_column width=&#8221;1\/6&#8243;][\/vc_column][vc_column width=&#8221;2\/3&#8243;][\/vc_column][vc_column width=&#8221;1\/6&#8243;][\/vc_column][\/vc_row]<\/p>\n","protected":false},"author":1,"featured_media":0,"parent":0,"menu_order":0,"comment_status":"closed","ping_status":"closed","template":"","meta":{"_monsterinsights_skip_tracking":false,"_monsterinsights_sitenote_active":false,"_monsterinsights_sitenote_note":"","_monsterinsights_sitenote_category":0,"footnotes":""},"class_list":["post-1888","page","type-page","status-publish","hentry"],"_links":{"self":[{"href":"https:\/\/www.x-las.si\/hr\/wp-json\/wp\/v2\/pages\/1888"}],"collection":[{"href":"https:\/\/www.x-las.si\/hr\/wp-json\/wp\/v2\/pages"}],"about":[{"href":"https:\/\/www.x-las.si\/hr\/wp-json\/wp\/v2\/types\/page"}],"author":[{"embeddable":true,"href":"https:\/\/www.x-las.si\/hr\/wp-json\/wp\/v2\/users\/1"}],"replies":[{"embeddable":true,"href":"https:\/\/www.x-las.si\/hr\/wp-json\/wp\/v2\/comments?post=1888"}],"version-history":[{"count":3,"href":"https:\/\/www.x-las.si\/hr\/wp-json\/wp\/v2\/pages\/1888\/revisions"}],"predecessor-version":[{"id":1891,"href":"https:\/\/www.x-las.si\/hr\/wp-json\/wp\/v2\/pages\/1888\/revisions\/1891"}],"wp:attachment":[{"href":"https:\/\/www.x-las.si\/hr\/wp-json\/wp\/v2\/media?parent=1888"}],"curies":[{"name":"wp","href":"https:\/\/api.w.org\/{rel}","templated":true}]}}