{"id":2692,"date":"2025-01-09T14:09:35","date_gmt":"2025-01-09T12:09:35","guid":{"rendered":"https:\/\/www.x-las.si\/?page_id=2692"},"modified":"2025-01-15T15:28:52","modified_gmt":"2025-01-15T13:28:52","slug":"savijanje","status":"publish","type":"page","link":"https:\/\/www.x-las.si\/hr\/savijanje\/","title":{"rendered":"Savijanje"},"content":{"rendered":"<div class=\"wpb-content-wrapper\"><p>[vc_row el_id=&#8221;bodorlaseri&#8221;][vc_column width=&#8221;1\/5&#8243;][\/vc_column][vc_column width=&#8221;3\/5&#8243;][vc_empty_space height=&#8221;100px&#8221;][vc_custom_heading text=&#8221;SNAGA, PRECIZNOST U SVAKOM SAVIJANJU!&#8221; font_container=&#8221;tag:p|text_align:center&#8221; use_theme_fonts=&#8221;yes&#8221; text_transform=&#8221;text-uppercase&#8221; font_weight=&#8221;600&#8243; skin=&#8221;primary&#8221; el_class=&#8221;mb-0&#8243; animation_type=&#8221;fadeInUp&#8221;][vc_custom_heading text=&#8221;<b>BEND<\/b>PRO&#8221; font_container=&#8221;tag:h2|font_size:30.8|text_align:center|color:%23000000|line_height:42px&#8221; use_theme_fonts=&#8221;yes&#8221; font_weight=&#8221;700&#8243; animation_delay=&#8221;250&#8243; animation_type=&#8221;fadeInUp&#8221; css=&#8221;.vc_custom_1736423199029{margin-bottom: 32px !important;}&#8221;][vc_custom_heading text=&#8221;<b>BEND<\/b>PRO strojevi za savijanje dizajnirani su kako bi zadovoljili i najzahtjevnije potrebe moderne proizvodnje.&#8221; font_container=&#8221;tag:p|font_size:16.8|text_align:center|color:%23000000|line_height:1.9&#8243; use_theme_fonts=&#8221;yes&#8221; font_weight=&#8221;300&#8243; animation_delay=&#8221;500&#8243; animation_type=&#8221;fadeInUp&#8221;][vc_custom_heading text=&#8221;Na\u0161 asortiman uklju\u010duje potpuno elektri\u010dne (<b>e-BEND<\/b>PRO) i hibridne CNC strojeve za savijanje, koji osiguravaju izuzetnu preciznost pri obradi svih vrsta materijala i debljina.&#8221; font_container=&#8221;tag:p|font_size:16.8|text_align:center|line_height:1.9&#8243; use_theme_fonts=&#8221;yes&#8221; font_weight=&#8221;300&#8243; animation_delay=&#8221;500&#8243; animation_type=&#8221;fadeInUp&#8221;][vc_custom_heading text=&#8221;S izvanrednom prilagodljivo\u0161\u0107u za raznovrsne projekte i mogu\u0107no\u0161\u0107u prilagodbe za specijalizirane aplikacije, <b>BEND<\/b>PRO strojevi za savijanje nadilaze o\u010dekivanja te omogu\u0107uju br\u017ee, u\u010dinkovitije i energetski optimizirane radne procese.&#8221; font_container=&#8221;tag:h3|font_size:18|text_align:center|line_height:1.9&#8243; use_theme_fonts=&#8221;yes&#8221; animation_delay=&#8221;500&#8243; css=&#8221;.vc_custom_1736423354643{margin-bottom: 40px !important;}&#8221;][vc_empty_space height=&#8221;50px&#8221;][\/vc_column][vc_column width=&#8221;1\/5&#8243;][\/vc_column][\/vc_row][vc_row parallax=&#8221;content-moving&#8221; parallax_image=&#8221;384&#8243;][vc_column][vc_empty_space height=&#8221;200px&#8221;][vc_custom_heading text=&#8221;Za\u0161to izabrati BENDPRO?&#8221; font_container=&#8221;tag:h2|font_size:42|text_align:center|color:%23000000|line_height:42px&#8221; use_theme_fonts=&#8221;yes&#8221; font_weight=&#8221;900&#8243; animation_delay=&#8221;250&#8243; animation_type=&#8221;fadeInUp&#8221; css=&#8221;.vc_custom_1736423707786{margin-bottom: 32px !important;}&#8221;][vc_empty_space height=&#8221;150px&#8221;][\/vc_column][\/vc_row][vc_row][vc_column][vc_empty_space height=&#8221;100px&#8221;][vc_custom_heading text=&#8221;preciznost bez kompromisa u kvaliteti&#8221; font_container=&#8221;tag:h3|text_align:center&#8221; use_theme_fonts=&#8221;yes&#8221; show_border=&#8221;yes&#8221; border_skin=&#8221;primary&#8221; border_type=&#8221;middle-border-center&#8221; border_size=&#8221;lg&#8221; animation_type=&#8221;bounce&#8221;][vc_custom_heading text=&#8221;izvanredna prilagodljivost za razli\u010dite proizvodne potrebe&#8221; font_container=&#8221;tag:h3|text_align:center&#8221; use_theme_fonts=&#8221;yes&#8221; show_border=&#8221;yes&#8221; border_skin=&#8221;primary&#8221; border_type=&#8221;middle-border-center&#8221; border_size=&#8221;lg&#8221; animation_type=&#8221;bounce&#8221;][vc_custom_heading text=&#8221;bogat izbor alata za savijanje&#8221; font_container=&#8221;tag:h3|text_align:center&#8221; use_theme_fonts=&#8221;yes&#8221; show_border=&#8221;yes&#8221; border_skin=&#8221;primary&#8221; border_type=&#8221;middle-border-center&#8221; border_size=&#8221;lg&#8221; animation_type=&#8221;bounce&#8221;][vc_custom_heading text=&#8221;servo-elektri\u010dni strojevi za savijanje osiguravaju visoku u\u010dinkovitost&#8221; font_container=&#8221;tag:h3|text_align:center&#8221; use_theme_fonts=&#8221;yes&#8221; show_border=&#8221;yes&#8221; border_skin=&#8221;primary&#8221; border_type=&#8221;middle-border-center&#8221; border_size=&#8221;lg&#8221; animation_type=&#8221;bounce&#8221;][vc_custom_heading text=&#8221;hibridna tehnologija omogu\u0107uje energetsku \u0161tedljivost&#8221; font_container=&#8221;tag:h3|text_align:center&#8221; use_theme_fonts=&#8221;yes&#8221; show_border=&#8221;yes&#8221; border_skin=&#8221;primary&#8221; border_type=&#8221;middle-border-center&#8221; border_size=&#8221;lg&#8221; animation_type=&#8221;bounce&#8221;][vc_custom_heading text=&#8221;jednostavna i intuitivna upotreba&#8221; font_container=&#8221;tag:h3|text_align:center&#8221; use_theme_fonts=&#8221;yes&#8221; show_border=&#8221;yes&#8221; border_skin=&#8221;primary&#8221; border_type=&#8221;middle-border-center&#8221; border_size=&#8221;lg&#8221; animation_type=&#8221;bounce&#8221;][vc_empty_space height=&#8221;100px&#8221;][\/vc_column][\/vc_row][vc_row][vc_column width=&#8221;1\/5&#8243;][\/vc_column][vc_column width=&#8221;3\/5&#8243;][vc_custom_heading text=&#8221;Ponuda strojeva za savijanje&#8221; font_container=&#8221;tag:h2|font_size:30.8|text_align:center|line_height:42px&#8221; use_theme_fonts=&#8221;yes&#8221; font_weight=&#8221;700&#8243; skin=&#8221;primary&#8221; animation_delay=&#8221;150&#8243; animation_type=&#8221;fadeInUp&#8221; css=&#8221;.vc_custom_1736423815086{margin-bottom: 25px !important;}&#8221;][\/vc_column][vc_column width=&#8221;1\/5&#8243;][\/vc_column][\/vc_row][vc_row wrap_container=&#8221;yes&#8221; css=&#8221;.vc_custom_1687432225588{padding-top: 75px !important;padding-bottom: 75px !important;}&#8221;][vc_column][vc_row_inner content_placement=&#8221;top&#8221; el_class=&#8221;content-grid no-padding&#8221;][vc_column_inner el_class=&#8221;content-grid-item&#8221; width=&#8221;1\/2&#8243; offset=&#8221;vc_col-md-6&#8243;][vc_single_image image=&#8221;2711&#8243; img_size=&#8221;full&#8221; hover_effect=&#8221;yes&#8221;]<div class=\"porto-sicon-box  vc_custom_1736947780992  wpb_custom_b909b8374b3e974860b1188755aecf1f style_1 top-icon\"><div class=\"porto-sicon-header\"><h3 class=\"porto-sicon-title\" style=\"font-weight:600;font-size:21px;color:#212529;line-height:24px;\">Potpuno elektri\u010dni strojevi za savijanje<\/h3><\/div> <!-- header --><div class=\"porto-sicon-description\" style=\"\">\u2022 <a href=\"https:\/\/www.x-las.si\/hr\/savijanje\/ebendpro-model-ng\/\"><strong>e-BEND<\/strong>PRO model NG<\/a><\/div> <!-- description --><\/div><!-- porto-sicon-box -->[\/vc_column_inner][vc_column_inner el_class=&#8221;content-grid-item&#8221; width=&#8221;1\/2&#8243; offset=&#8221;vc_col-md-6&#8243;][vc_single_image image=&#8221;2713&#8243; img_size=&#8221;full&#8221; alignment=&#8221;right&#8221; hover_effect=&#8221;yes&#8221;]<div class=\"porto-sicon-box  vc_custom_1736947807277  wpb_custom_b909b8374b3e974860b1188755aecf1f style_1 top-icon\"><div class=\"porto-sicon-header\"><h3 class=\"porto-sicon-title\" style=\"font-weight:600;font-size:21px;color:#212529;line-height:24px;\">Hibridni CNC strojevi za savijanje<\/h3><\/div> <!-- header --><div class=\"porto-sicon-description\" style=\"\">\u2022 <a href=\"https:\/\/www.x-las.si\/hr\/savijanje\/bendpro-model-hg\/\"><strong>BEND<\/strong>PRO model HG<\/a><br \/>\n\u2022 <a href=\"https:\/\/www.x-las.si\/hr\/savijanje\/bendpro-model-hm\/\"><strong>BEND<\/strong>PRO model HM s dva motora<\/a><\/div> <!-- description --><\/div><!-- porto-sicon-box -->[\/vc_column_inner][\/vc_row_inner][\/vc_column][\/vc_row][vc_row full_width=&#8221;stretch_row_content_no_spaces&#8221; content_placement=&#8221;middle&#8221; parallax=&#8221;content-moving&#8221; conditional_render=&#8221;%5B%7B%22value_role%22%3A%22administrator%22%7D%5D&#8221; css=&#8221;.vc_custom_1736427772722{background-image: url(https:\/\/www.x-las.si\/wp-content\/uploads\/2025\/01\/motor_header.fw_-3.png?id=2747) !important;background-position: center;background-repeat: no-repeat !important;background-size: cover !important;}&#8221;][vc_column width=&#8221;1\/5&#8243; conditional_render=&#8221;%5B%7B%22value_role%22%3A%22administrator%22%7D%5D&#8221;][\/vc_column][vc_column width=&#8221;1\/5&#8243;][\/vc_column][vc_column width=&#8221;1\/5&#8243;][\/vc_column][vc_column width=&#8221;1\/5&#8243;][vc_empty_space height=&#8221;100px&#8221;][vc_custom_heading text=&#8221;Preciznost i u\u010dinkovitost s naprednim smanjenjem brzine&#8221; font_container=&#8221;tag:h2|font_size:30.8|text_align:left|color:%23ffffff|line_height:42px&#8221; use_theme_fonts=&#8221;yes&#8221; font_weight=&#8221;700&#8243; animation_delay=&#8221;150&#8243; animation_type=&#8221;fadeInUp&#8221; css=&#8221;.vc_custom_1736493223519{margin-bottom: 25px !important;}&#8221;][vc_custom_heading text=&#8221;<b>BEND<\/b>PRO je opremljen visokou\u010dinkovitim smanjenjem brzine, \u0161to omogu\u0107uje glatko i precizno djelovanje. Optimiziranim prijenosom snage smanjuje trenje, produ\u017euje vijek trajanja stroja i osigurava dosljednu kvalitetu pri svakom savijanju. Ovo tehnolo\u0161ko rje\u0161enje klju\u010dno je za postizanje vrhunskih performansi i pouzdanosti u radu.&#8221; font_container=&#8221;tag:p|font_size:16.8|text_align:left|color:%23ffffff|line_height:1.9&#8243; use_theme_fonts=&#8221;yes&#8221; font_weight=&#8221;300&#8243; animation_delay=&#8221;500&#8243; animation_type=&#8221;fadeInUp&#8221;][vc_empty_space height=&#8221;100px&#8221;][\/vc_column][vc_column width=&#8221;1\/5&#8243;][\/vc_column][\/vc_row][vc_row full_width=&#8221;stretch_row_content_no_spaces&#8221; content_placement=&#8221;middle&#8221; parallax=&#8221;content-moving&#8221; conditional_render=&#8221;%5B%7B%22value_role%22%3A%22administrator%22%7D%5D&#8221; css=&#8221;.vc_custom_1736428924877{background-image: url(https:\/\/www.x-las.si\/wp-content\/uploads\/2025\/01\/mould_header.fw_.png?id=2756) !important;background-position: center;background-repeat: no-repeat !important;background-size: cover !important;}&#8221;][vc_column width=&#8221;1\/5&#8243; conditional_render=&#8221;%5B%7B%22value_role%22%3A%22administrator%22%7D%5D&#8221;][\/vc_column][vc_column width=&#8221;1\/5&#8243;][vc_empty_space height=&#8221;100px&#8221;][vc_custom_heading text=&#8221;Visokokvalitetni i jednostavno zamjenjivi alati za precizno savijanje limova&#8221; font_container=&#8221;tag:h2|font_size:30.8|text_align:left|color:%23ffffff|line_height:42px&#8221; use_theme_fonts=&#8221;yes&#8221; font_weight=&#8221;700&#8243; animation_delay=&#8221;150&#8243; animation_type=&#8221;fadeInUp&#8221; css=&#8221;.vc_custom_1736929531552{margin-bottom: 25px !important;}&#8221;][vc_custom_heading text=&#8221;<b>BEND<\/b>PRO je opremljen vrhunskim alatima za savijanje koji su kaljeni kako bi osigurali iznimnu izdr\u017eljivost i dug vijek trajanja. Kori\u0161tenje podijeljenih alata omogu\u0107uje lak\u0161e sastavljanje i jednostavno rukovanje, dok je srednja plo\u010da dizajnirana za brzu i jednostavnu monta\u017eu. S na\u0161om tehnologijom posti\u017eete preciznost, u\u010dinkovitost i vrhunsku kvalitetu pri svakom savijanju!&#8221; font_container=&#8221;tag:p|font_size:16.8|text_align:left|color:%23ffffff|line_height:1.9&#8243; use_theme_fonts=&#8221;yes&#8221; font_weight=&#8221;300&#8243; animation_delay=&#8221;500&#8243; animation_type=&#8221;fadeInUp&#8221;][vc_empty_space height=&#8221;100px&#8221;][\/vc_column][vc_column width=&#8221;1\/5&#8243;][\/vc_column][vc_column width=&#8221;1\/5&#8243;][\/vc_column][vc_column width=&#8221;1\/5&#8243;][\/vc_column][\/vc_row][vc_row full_width=&#8221;stretch_row_content_no_spaces&#8221; content_placement=&#8221;middle&#8221; parallax=&#8221;content-moving&#8221; conditional_render=&#8221;%5B%7B%22value_role%22%3A%22administrator%22%7D%5D&#8221; css=&#8221;.vc_custom_1736843362623{background-image: url(https:\/\/www.x-las.si\/wp-content\/uploads\/2025\/01\/rack_header.fw_-1.png?id=2843) !important;background-position: center;background-repeat: no-repeat !important;background-size: cover !important;}&#8221;][vc_column width=&#8221;1\/5&#8243; conditional_render=&#8221;%5B%7B%22value_role%22%3A%22administrator%22%7D%5D&#8221;][\/vc_column][vc_column width=&#8221;1\/5&#8243;][\/vc_column][vc_column width=&#8221;1\/5&#8243;][\/vc_column][vc_column width=&#8221;1\/5&#8243;][vc_empty_space height=&#8221;100px&#8221;][vc_custom_heading text=&#8221;Pomi\u010dni prednji nosa\u010di za pouzdanu obradu velikih limova&#8221; font_container=&#8221;tag:h2|font_size:30.8|text_align:left|color:%23ffffff|line_height:42px&#8221; use_theme_fonts=&#8221;yes&#8221; font_weight=&#8221;700&#8243; animation_delay=&#8221;150&#8243; animation_type=&#8221;fadeInUp&#8221; css=&#8221;.vc_custom_1736929569060{margin-bottom: 25px !important;}&#8221;][vc_custom_heading text=&#8221;<b>BEND<\/b>PRO je opremljen pomi\u010dnim prednjim nosa\u010dima koji glatko klize lijevo i desno po linearnih vodilicama, pru\u017eaju\u0107i sna\u017enu podr\u0161ku pri obradi velikih limova. Ovo inovativno rje\u0161enje smanjuje napor pri radu i tro\u0161enje materijala, istovremeno pove\u0107avaju\u0107i u\u010dinkovitost i preciznost obrade.&#8221; font_container=&#8221;tag:p|font_size:16.8|text_align:left|color:%23ffffff|line_height:1.9&#8243; use_theme_fonts=&#8221;yes&#8221; font_weight=&#8221;300&#8243; animation_delay=&#8221;500&#8243; animation_type=&#8221;fadeInUp&#8221;][vc_empty_space height=&#8221;100px&#8221;][\/vc_column][vc_column width=&#8221;1\/5&#8243;][\/vc_column][\/vc_row]<\/p>\n<\/div>","protected":false},"excerpt":{"rendered":"<p>[vc_row el_id=&#8221;bodorlaseri&#8221;][vc_column width=&#8221;1\/5&#8243;][\/vc_column][vc_column width=&#8221;3\/5&#8243;][vc_empty_space height=&#8221;100px&#8221;][vc_custom_heading text=&#8221;SNAGA, PRECIZNOST U SVAKOM SAVIJANJU!&#8221; font_container=&#8221;tag:p|text_align:center&#8221; use_theme_fonts=&#8221;yes&#8221; text_transform=&#8221;text-uppercase&#8221; font_weight=&#8221;600&#8243; skin=&#8221;primary&#8221; el_class=&#8221;mb-0&#8243; animation_type=&#8221;fadeInUp&#8221;][vc_custom_heading text=&#8221;BENDPRO&#8221; font_container=&#8221;tag:h2|font_size:30.8|text_align:center|color:%23000000|line_height:42px&#8221; use_theme_fonts=&#8221;yes&#8221; font_weight=&#8221;700&#8243; animation_delay=&#8221;250&#8243; animation_type=&#8221;fadeInUp&#8221; css=&#8221;.vc_custom_1736423199029{margin-bottom: 32px !important;}&#8221;][vc_custom_heading text=&#8221;BENDPRO strojevi za savijanje dizajnirani su kako bi zadovoljili i najzahtjevnije potrebe moderne proizvodnje.&#8221; font_container=&#8221;tag:p|font_size:16.8|text_align:center|color:%23000000|line_height:1.9&#8243; use_theme_fonts=&#8221;yes&#8221; font_weight=&#8221;300&#8243; animation_delay=&#8221;500&#8243; animation_type=&#8221;fadeInUp&#8221;][vc_custom_heading text=&#8221;Na\u0161 asortiman uklju\u010duje potpuno elektri\u010dne (e-BENDPRO) i hibridne CNC strojeve [&hellip;]<\/p>\n","protected":false},"author":6,"featured_media":0,"parent":0,"menu_order":0,"comment_status":"closed","ping_status":"closed","template":"","meta":{"_monsterinsights_skip_tracking":false,"_monsterinsights_sitenote_active":false,"_monsterinsights_sitenote_note":"","_monsterinsights_sitenote_category":0,"footnotes":""},"class_list":["post-2692","page","type-page","status-publish","hentry"],"_links":{"self":[{"href":"https:\/\/www.x-las.si\/hr\/wp-json\/wp\/v2\/pages\/2692"}],"collection":[{"href":"https:\/\/www.x-las.si\/hr\/wp-json\/wp\/v2\/pages"}],"about":[{"href":"https:\/\/www.x-las.si\/hr\/wp-json\/wp\/v2\/types\/page"}],"author":[{"embeddable":true,"href":"https:\/\/www.x-las.si\/hr\/wp-json\/wp\/v2\/users\/6"}],"replies":[{"embeddable":true,"href":"https:\/\/www.x-las.si\/hr\/wp-json\/wp\/v2\/comments?post=2692"}],"version-history":[{"count":9,"href":"https:\/\/www.x-las.si\/hr\/wp-json\/wp\/v2\/pages\/2692\/revisions"}],"predecessor-version":[{"id":2954,"href":"https:\/\/www.x-las.si\/hr\/wp-json\/wp\/v2\/pages\/2692\/revisions\/2954"}],"wp:attachment":[{"href":"https:\/\/www.x-las.si\/hr\/wp-json\/wp\/v2\/media?parent=2692"}],"curies":[{"name":"wp","href":"https:\/\/api.w.org\/{rel}","templated":true}]}}