{"id":3000,"date":"2025-01-21T16:08:30","date_gmt":"2025-01-21T14:08:30","guid":{"rendered":"https:\/\/www.x-las.si\/?page_id=3000"},"modified":"2025-09-19T07:29:45","modified_gmt":"2025-09-19T05:29:45","slug":"lasersko-zavarivanje","status":"publish","type":"page","link":"https:\/\/www.x-las.si\/hr\/lasersko-zavarivanje\/","title":{"rendered":"Lasersko zavarivanje"},"content":{"rendered":"<div class=\"wpb-content-wrapper\"><p>[vc_row el_id=&#8221;bodorlaseri&#8221;][vc_column width=&#8221;1\/5&#8243;][\/vc_column][vc_column width=&#8221;3\/5&#8243;][vc_empty_space height=&#8221;100px&#8221;][vc_custom_heading text=&#8221;TO\u010cNO, BRZO i PONOVLJIVO&#8221; font_container=&#8221;tag:p|text_align:center&#8221; use_theme_fonts=&#8221;yes&#8221; text_transform=&#8221;text-uppercase&#8221; font_weight=&#8221;600&#8243; skin=&#8221;primary&#8221; el_class=&#8221;mb-0&#8243; animation_type=&#8221;fadeInUp&#8221;][vc_custom_heading text=&#8221;LASERSKO ZAVARIVANJE&#8221; font_container=&#8221;tag:h2|font_size:30.8|text_align:center|color:%23000000|line_height:42px&#8221; use_theme_fonts=&#8221;yes&#8221; font_weight=&#8221;700&#8243; animation_delay=&#8221;250&#8243; animation_type=&#8221;fadeInUp&#8221; css=&#8221;.vc_custom_1737456002916{margin-bottom: 32px !important;}&#8221;][vc_custom_heading text=&#8221;Laserska tehnologija donosi revoluciju u zavarivanju \u2013 ve\u0107u preciznost, brzinu i fleksibilnost!&#8221; font_container=&#8221;tag:p|font_size:16.8|text_align:center|color:%23000000|line_height:1.9&#8243; use_theme_fonts=&#8221;yes&#8221; font_weight=&#8221;300&#8243; animation_delay=&#8221;500&#8243; animation_type=&#8221;fadeInUp&#8221;][vc_custom_heading text=&#8221;Ru\u010dni laserski strojevi za zavarivanje omogu\u0107uju iznimnu produktivnost, \u010diste i precizne zavare te jednostavno rukovanje. Zbog visoke kvalitete zavara i minimalne potrebe za naknadnom obradom, idealno su rje\u0161enje za razli\u010dite vrste metalnih materijala i slo\u017eene obradke. &#8221; font_container=&#8221;tag:p|font_size:16.8|text_align:center|line_height:1.9&#8243; use_theme_fonts=&#8221;yes&#8221; font_weight=&#8221;300&#8243; animation_delay=&#8221;500&#8243; animation_type=&#8221;fadeInUp&#8221;][vc_custom_heading text=&#8221;Na\u0161a ponuda uklju\u010duje ru\u010dne laserske aparate za zavarivanje dvaju renomiranih proizvo\u0111a\u010da i \u0161irok asortiman za\u0161titne opreme &#8211; sve \u0161to vam je potrebno za moderno i u\u010dinkovito zavarivanje.&#8221; font_container=&#8221;tag:h3|font_size:18|text_align:center|line_height:1.9&#8243; use_theme_fonts=&#8221;yes&#8221; animation_delay=&#8221;500&#8243; css=&#8221;.vc_custom_1738827076026{margin-bottom: 40px !important;}&#8221;][vc_custom_heading text=&#8221;Pobolj\u0161ajte kvalitetu, ubrzajte proizvodnju i smanjite potrebu za dodatnom obradom laserskom tehnologijom.&#8221; font_container=&#8221;tag:p|font_size:16.8|text_align:center|color:%23000000|line_height:1.9&#8243; use_theme_fonts=&#8221;yes&#8221; font_weight=&#8221;300&#8243; animation_delay=&#8221;500&#8243; animation_type=&#8221;fadeInUp&#8221;][vc_empty_space height=&#8221;20px&#8221;][vc_btn title=&#8221;Po\u0161aljite upit&#8221; style=&#8221;outline&#8221; align=&#8221;center&#8221; skin=&#8221;dark&#8221; link=&#8221;url:https%3A%2F%2Fwww.x-las.si%2Fhr%2Fkontakt%2F|title:Po%C5%A1aljite%20upit|target:_blank|&#8221; animation_type=&#8221;fadeIn&#8221; el_class=&#8221;btn-style-1&#8243;][vc_empty_space height=&#8221;30px&#8221;][\/vc_column][vc_column width=&#8221;1\/5&#8243;][\/vc_column][\/vc_row][vc_row parallax=&#8221;content-moving&#8221; parallax_image=&#8221;384&#8243;][vc_column][vc_empty_space height=&#8221;200px&#8221;][vc_custom_heading text=&#8221;Za\u0161to variti laserom?&#8221; font_container=&#8221;tag:h2|font_size:42|text_align:center|color:%23000000|line_height:42px&#8221; use_theme_fonts=&#8221;yes&#8221; font_weight=&#8221;900&#8243; animation_delay=&#8221;250&#8243; animation_type=&#8221;fadeInUp&#8221; css=&#8221;.vc_custom_1737456947427{margin-bottom: 32px !important;}&#8221;][vc_empty_space height=&#8221;150px&#8221;][\/vc_column][\/vc_row][vc_row][vc_column][vc_empty_space height=&#8221;100px&#8221;][vc_custom_heading text=&#8221;izuzetna to\u010dnost&#8221; font_container=&#8221;tag:h3|text_align:center&#8221; use_theme_fonts=&#8221;yes&#8221; show_border=&#8221;yes&#8221; border_skin=&#8221;primary&#8221; border_type=&#8221;middle-border-center&#8221; border_size=&#8221;lg&#8221; animation_type=&#8221;bounce&#8221;][vc_custom_heading text=&#8221;minimalno \u0161irenje topline smanjuje deformacije&#8221; font_container=&#8221;tag:h3|text_align:center&#8221; use_theme_fonts=&#8221;yes&#8221; show_border=&#8221;yes&#8221; border_skin=&#8221;primary&#8221; border_type=&#8221;middle-border-center&#8221; border_size=&#8221;lg&#8221; animation_type=&#8221;bounce&#8221;][vc_custom_heading text=&#8221;br\u017ee zavarivanje u usporedbi s tradicionalnim metodama&#8221; font_container=&#8221;tag:h3|text_align:center&#8221; use_theme_fonts=&#8221;yes&#8221; show_border=&#8221;yes&#8221; border_skin=&#8221;primary&#8221; border_type=&#8221;middle-border-center&#8221; border_size=&#8221;lg&#8221; animation_type=&#8221;bounce&#8221;][vc_custom_heading text=&#8221;pogodan za tanke i osjetljive materijale&#8221; font_container=&#8221;tag:h3|text_align:center&#8221; use_theme_fonts=&#8221;yes&#8221; show_border=&#8221;yes&#8221; border_skin=&#8221;primary&#8221; border_type=&#8221;middle-border-center&#8221; border_size=&#8221;lg&#8221; animation_type=&#8221;bounce&#8221;][vc_custom_heading text=&#8221;zavari su \u010disti i obi\u010dno ne zahtijevaju dodatnu strojnu obradu ili bru\u0161enje&#8221; font_container=&#8221;tag:h3|text_align:center&#8221; use_theme_fonts=&#8221;yes&#8221; show_border=&#8221;yes&#8221; border_skin=&#8221;primary&#8221; border_type=&#8221;middle-border-center&#8221; border_size=&#8221;lg&#8221; animation_type=&#8221;bounce&#8221;][vc_custom_heading text=&#8221;omogu\u0107uje brzo i intuitivno kori\u0161tenje&#8221; font_container=&#8221;tag:h3|text_align:center&#8221; use_theme_fonts=&#8221;yes&#8221; show_border=&#8221;yes&#8221; border_skin=&#8221;primary&#8221; border_type=&#8221;middle-border-center&#8221; border_size=&#8221;lg&#8221; animation_type=&#8221;bounce&#8221;][vc_empty_space height=&#8221;100px&#8221;][\/vc_column][\/vc_row][vc_row][vc_column width=&#8221;1\/5&#8243;][\/vc_column][vc_column width=&#8221;3\/5&#8243;][vc_custom_heading text=&#8221;Ponuda ure\u0111aja za ru\u010dno zavarivanje i za\u0161titne opreme&#8221; font_container=&#8221;tag:h2|font_size:30.8|text_align:center|line_height:42px&#8221; use_theme_fonts=&#8221;yes&#8221; font_weight=&#8221;700&#8243; skin=&#8221;primary&#8221; animation_delay=&#8221;150&#8243; animation_type=&#8221;fadeInUp&#8221; css=&#8221;.vc_custom_1737457494691{margin-bottom: 25px !important;}&#8221;][\/vc_column][vc_column width=&#8221;1\/5&#8243;][\/vc_column][\/vc_row][vc_row wrap_container=&#8221;yes&#8221; css=&#8221;.vc_custom_1687432225588{padding-top: 75px !important;padding-bottom: 75px !important;}&#8221;][vc_column][vc_row_inner content_placement=&#8221;top&#8221; el_class=&#8221;content-grid no-padding&#8221;][vc_column_inner el_class=&#8221;content-grid-item&#8221; width=&#8221;1\/2&#8243; offset=&#8221;vc_col-md-6&#8243;][vc_single_image image=&#8221;3020&#8243; img_size=&#8221;full&#8221; hover_effect=&#8221;yes&#8221;]<div class=\"porto-sicon-box  vc_custom_1758259642840  wpb_custom_b909b8374b3e974860b1188755aecf1f style_1 top-icon\"><div class=\"porto-sicon-header\"><h3 class=\"porto-sicon-title\" style=\"font-weight:600;font-size:21px;color:#212529;line-height:24px;\">Ro\u010dni laserski varilni aparati<\/h3><\/div> <!-- header --><div class=\"porto-sicon-description\" style=\"\">\u2022 <a href=\"https:\/\/www.x-las.si\/theo-rocni-laserski-varilni-aparati\/\">THEO ro\u010dni laserski varilni aparati<\/a><br \/>\n\u2022 <a href=\"https:\/\/www.x-las.si\/hr\/bodor-rucni-laserski-aparat-za-zavarivanje-air-1200\/\">Bodor ro\u010dni laserski varilni aparat AIR 1200<br \/>\n\u2022 <\/a><a href=\"https:\/\/www.x-las.si\/hr\/bodor-rucni-laserski-stroji-za-zavarivanje\/\">Bodor ro\u010dni laserski varilni aparat PRO 1500<\/a><\/div> <!-- description --><\/div><!-- porto-sicon-box -->[\/vc_column_inner][vc_column_inner el_class=&#8221;content-grid-item&#8221; width=&#8221;1\/2&#8243; offset=&#8221;vc_col-md-6&#8243;][vc_single_image image=&#8221;3023&#8243; img_size=&#8221;full&#8221; alignment=&#8221;right&#8221; hover_effect=&#8221;yes&#8221;]<div class=\"porto-sicon-box  vc_custom_1737469361735  wpb_custom_b909b8374b3e974860b1188755aecf1f style_1 top-icon\"><div class=\"porto-sicon-header\"><h3 class=\"porto-sicon-title\" style=\"font-weight:600;font-size:21px;color:#212529;line-height:24px;\">Za\u0161\u010ditna oprema<\/h3><\/div> <!-- header --><div class=\"porto-sicon-description\" style=\"\">\u2022 <a href=\"https:\/\/www.x-las.si\/hr\/lasershell-zastitne-kabine\/\">LaserShell &#8211; za\u0161\u010ditne kabine<\/a><br \/>\n\u2022 <a href=\"https:\/\/www.x-las.si\/hr\/protect-zastitne-naocale\/\">Protect &#8211; za\u0161\u010ditna o\u010dala<\/a><br \/>\n\u2022 <a href=\"https:\/\/www.x-las.si\/hr\/univet-zastitne-maske\/\">Univet &#8211; za\u0161\u010ditne maske<\/a><br \/>\n\u2022 <a href=\"https:\/\/www.x-las.si\/hr\/laservision-zastitne-maske\/\">Laservision &#8211; za\u0161\u010ditne maske<\/a><\/div> <!-- description --><\/div><!-- porto-sicon-box -->[\/vc_column_inner][\/vc_row_inner][\/vc_column][\/vc_row][vc_row full_width=&#8221;stretch_row_content_no_spaces&#8221; content_placement=&#8221;middle&#8221; conditional_render=&#8221;%5B%7B%22value_role%22%3A%22administrator%22%7D%5D&#8221; css=&#8221;.vc_custom_1737532560508{background-image: url(https:\/\/www.x-las.si\/wp-content\/uploads\/2025\/01\/dodajanje_zice2-1.jpg?id=3048) !important;background-position: center !important;background-repeat: no-repeat !important;background-size: cover !important;}&#8221;][vc_column width=&#8221;1\/5&#8243; conditional_render=&#8221;%5B%7B%22value_role%22%3A%22administrator%22%7D%5D&#8221;][\/vc_column][vc_column width=&#8221;1\/5&#8243;][\/vc_column][vc_column width=&#8221;1\/5&#8243;][\/vc_column][vc_column width=&#8221;1\/5&#8243;][vc_empty_space height=&#8221;100px&#8221;][vc_custom_heading text=&#8221;Lasersko zavarivanje bez ili sa dodatnim materijalom&#8221; font_container=&#8221;tag:h2|font_size:30.8|text_align:left|color:%23ffffff|line_height:42px&#8221; use_theme_fonts=&#8221;yes&#8221; font_weight=&#8221;700&#8243; animation_delay=&#8221;150&#8243; animation_type=&#8221;fadeInUp&#8221; css=&#8221;.vc_custom_1737530778513{margin-bottom: 25px !important;}&#8221;][vc_custom_heading text=&#8221;Na\u0161a napredna tehnologija uklju\u010duje lasersko zavarivanje s automatiziranim dodavanjem \u017eice, \u010dime se osiguravaju precizni, \u010dvrsti spojevi vrhunske kvalitete. Automatizirani sustav dodavanja \u017eice omogu\u0107uje pouzdanu i kontinuiranu opskrbu materijalom, omogu\u0107uju\u0107i optimalnu obradu i najzahtjevnijih aplikacija. Cjelokupni dizajn je skrojen za jednostavno kori\u0161tenje, visoku u\u010dinkovitost i savr\u0161ene rezultate.  &#8221; font_container=&#8221;tag:p|font_size:16.8|text_align:left|color:%23ffffff|line_height:1.9&#8243; use_theme_fonts=&#8221;yes&#8221; font_weight=&#8221;300&#8243; animation_delay=&#8221;500&#8243; animation_type=&#8221;fadeInUp&#8221;][vc_empty_space height=&#8221;100px&#8221;][\/vc_column][vc_column width=&#8221;1\/5&#8243;][\/vc_column][\/vc_row][vc_row full_width=&#8221;stretch_row_content_no_spaces&#8221; content_placement=&#8221;middle&#8221; conditional_render=&#8221;%5B%7B%22value_role%22%3A%22administrator%22%7D%5D&#8221; css=&#8221;.vc_custom_1737532644602{background-image: url(https:\/\/www.x-las.si\/wp-content\/uploads\/2025\/01\/header2-2.jpg?id=3051) !important;background-position: center !important;background-repeat: no-repeat !important;background-size: cover !important;}&#8221;][vc_column width=&#8221;1\/5&#8243; conditional_render=&#8221;%5B%7B%22value_role%22%3A%22administrator%22%7D%5D&#8221;][\/vc_column][vc_column width=&#8221;1\/5&#8243;][vc_empty_space height=&#8221;100px&#8221;][vc_custom_heading text=&#8221;Brzina i to\u010dnost bez kompromisa&#8221; font_container=&#8221;tag:h2|font_size:30.8|text_align:left|color:%23ffffff|line_height:42px&#8221; use_theme_fonts=&#8221;yes&#8221; font_weight=&#8221;700&#8243; animation_delay=&#8221;150&#8243; animation_type=&#8221;fadeInUp&#8221; css=&#8221;.vc_custom_1737533095169{margin-bottom: 25px !important;}&#8221;][vc_custom_heading text=&#8221;S modernom laserskom tehnologijom, zavari su ne samo brzi, ve\u0107 i iznimno precizni s minimalnim \u0161irenjem topline. Ova inovacija osigurava \u010diste, \u010dvrste spojeve bez toplinske distorzije, \u0161to je klju\u010dno pri radu s tankim i osjetljivim materijalima. &#8221; font_container=&#8221;tag:p|font_size:16.8|text_align:left|color:%23ffffff|line_height:1.9&#8243; use_theme_fonts=&#8221;yes&#8221; font_weight=&#8221;300&#8243; animation_delay=&#8221;500&#8243; animation_type=&#8221;fadeInUp&#8221;][vc_empty_space height=&#8221;100px&#8221;][\/vc_column][vc_column width=&#8221;1\/5&#8243;][\/vc_column][vc_column width=&#8221;1\/5&#8243;][\/vc_column][vc_column width=&#8221;1\/5&#8243;][\/vc_column][\/vc_row][vc_row][vc_column][\/vc_column][\/vc_row]<\/p>\n<\/div>","protected":false},"excerpt":{"rendered":"<p>[vc_row el_id=&#8221;bodorlaseri&#8221;][vc_column width=&#8221;1\/5&#8243;][\/vc_column][vc_column width=&#8221;3\/5&#8243;][vc_empty_space height=&#8221;100px&#8221;][vc_custom_heading text=&#8221;TO\u010cNO, BRZO i PONOVLJIVO&#8221; font_container=&#8221;tag:p|text_align:center&#8221; use_theme_fonts=&#8221;yes&#8221; text_transform=&#8221;text-uppercase&#8221; font_weight=&#8221;600&#8243; skin=&#8221;primary&#8221; el_class=&#8221;mb-0&#8243; animation_type=&#8221;fadeInUp&#8221;][vc_custom_heading text=&#8221;LASERSKO ZAVARIVANJE&#8221; font_container=&#8221;tag:h2|font_size:30.8|text_align:center|color:%23000000|line_height:42px&#8221; use_theme_fonts=&#8221;yes&#8221; font_weight=&#8221;700&#8243; animation_delay=&#8221;250&#8243; animation_type=&#8221;fadeInUp&#8221; css=&#8221;.vc_custom_1737456002916{margin-bottom: 32px !important;}&#8221;][vc_custom_heading text=&#8221;Laserska tehnologija donosi revoluciju u zavarivanju \u2013 ve\u0107u preciznost, brzinu i fleksibilnost!&#8221; font_container=&#8221;tag:p|font_size:16.8|text_align:center|color:%23000000|line_height:1.9&#8243; use_theme_fonts=&#8221;yes&#8221; font_weight=&#8221;300&#8243; animation_delay=&#8221;500&#8243; animation_type=&#8221;fadeInUp&#8221;][vc_custom_heading text=&#8221;Ru\u010dni laserski strojevi za zavarivanje omogu\u0107uju iznimnu produktivnost, \u010diste i precizne zavare [&hellip;]<\/p>\n","protected":false},"author":6,"featured_media":0,"parent":0,"menu_order":0,"comment_status":"closed","ping_status":"closed","template":"","meta":{"_monsterinsights_skip_tracking":false,"_monsterinsights_sitenote_active":false,"_monsterinsights_sitenote_note":"","_monsterinsights_sitenote_category":0,"footnotes":""},"class_list":["post-3000","page","type-page","status-publish","hentry"],"_links":{"self":[{"href":"https:\/\/www.x-las.si\/hr\/wp-json\/wp\/v2\/pages\/3000"}],"collection":[{"href":"https:\/\/www.x-las.si\/hr\/wp-json\/wp\/v2\/pages"}],"about":[{"href":"https:\/\/www.x-las.si\/hr\/wp-json\/wp\/v2\/types\/page"}],"author":[{"embeddable":true,"href":"https:\/\/www.x-las.si\/hr\/wp-json\/wp\/v2\/users\/6"}],"replies":[{"embeddable":true,"href":"https:\/\/www.x-las.si\/hr\/wp-json\/wp\/v2\/comments?post=3000"}],"version-history":[{"count":14,"href":"https:\/\/www.x-las.si\/hr\/wp-json\/wp\/v2\/pages\/3000\/revisions"}],"predecessor-version":[{"id":4438,"href":"https:\/\/www.x-las.si\/hr\/wp-json\/wp\/v2\/pages\/3000\/revisions\/4438"}],"wp:attachment":[{"href":"https:\/\/www.x-las.si\/hr\/wp-json\/wp\/v2\/media?parent=3000"}],"curies":[{"name":"wp","href":"https:\/\/api.w.org\/{rel}","templated":true}]}}