{"id":3865,"date":"2025-04-28T11:14:45","date_gmt":"2025-04-28T09:14:45","guid":{"rendered":"https:\/\/www.x-las.si\/strojevi-za-elektrolucno-zavarivanje\/"},"modified":"2025-06-30T13:49:34","modified_gmt":"2025-06-30T11:49:34","slug":"strojevi-za-elektrolucno-zavarivanje","status":"publish","type":"page","link":"https:\/\/www.x-las.si\/hr\/strojevi-za-elektrolucno-zavarivanje\/","title":{"rendered":"Aparati za zavarivanje ARC"},"content":{"rendered":"<div class=\"wpb-content-wrapper\"><p>[vc_row wrap_container=&#8221;yes&#8221;][vc_column][vc_row_inner content_placement=&#8221;middle&#8221; animation_delay=&#8221;200&#8243; animation_type=&#8221;fadeInRight&#8221; css=&#8221;.vc_custom_1560189098859{padding-top: 70px !important;}&#8221;][vc_column_inner width=&#8221;1\/6&#8243;][\/vc_column_inner][vc_column_inner width=&#8221;2\/3&#8243;][vc_custom_heading text=&#8221;<b>Aparati za zavarivanje ARC<\/b>&#8221; font_container=&#8221;tag:h1|font_size:36px|text_align:center&#8221; use_theme_fonts=&#8221;yes&#8221; css=&#8221;.vc_custom_1745827859572{margin-bottom: 30px !important;}&#8221;][vc_custom_heading text=&#8221;Aparati za zavarivanje serije ARC spajaju naprednu tehnologiju, visoku snagu i jednostavnost kori\u0161tenja. Primjereni su i za ku\u0107ne majstore i za profesionalce, jer omogu\u0107uju zavarivanje raznih materijala, bilo u radionici ili na terenu. Kompaktan dizajn, robusnost i funkcije koje olak\u0161avaju zavarivanje jam\u010de vrhunske rezultate \u010dak i u zahtjevnijim uvjetima.  &#8221; font_container=&#8221;tag:h2|font_size:18px|text_align:center&#8221; use_theme_fonts=&#8221;yes&#8221; css=&#8221;.vc_custom_1745828025393{margin-bottom: 20px !important;}&#8221;][vc_custom_heading text=&#8221;Izaberite pouzdano rje\u0161enje za TIG, MIG\/MAG i MMA zavarivanje.&#8221; font_container=&#8221;tag:h2|font_size:18px|text_align:center&#8221; use_theme_fonts=&#8221;yes&#8221; css=&#8221;.vc_custom_1745828056566{margin-bottom: 20px !important;}&#8221;][\/vc_column_inner][vc_column_inner width=&#8221;1\/6&#8243;][\/vc_column_inner][\/vc_row_inner][\/vc_column][\/vc_row][vc_row wrap_container=&#8221;yes&#8221;][vc_column][vc_row_inner content_placement=&#8221;middle&#8221; animation_delay=&#8221;200&#8243; animation_type=&#8221;fadeInRight&#8221; css=&#8221;.vc_custom_1721194800060{padding-top: 70px !important;padding-bottom: 30px !important;}&#8221;][vc_column_inner width=&#8221;3\/5&#8243;][vc_single_image image=&#8221;3607&#8243; img_size=&#8221;full&#8221; el_class=&#8221;mb-0&#8243;][\/vc_column_inner][vc_column_inner width=&#8221;2\/5&#8243;][vc_custom_heading text=&#8221;<b>Jednostavan izbor za pouzdano zavarivanje.<\/b>&#8221; font_container=&#8221;tag:h2|font_size:25px|text_align:left&#8221; use_theme_fonts=&#8221;yes&#8221; css=&#8221;.vc_custom_1745830822003{margin-bottom: 10px !important;}&#8221;][vc_custom_heading text=&#8221;Odli\u010dan omjer snage i cijene.&#8221; font_container=&#8221;tag:h2|font_size:25px|text_align:left&#8221; use_theme_fonts=&#8221;yes&#8221; css=&#8221;.vc_custom_1745830890097{margin-bottom: 20px !important;}&#8221;][\/vc_column_inner][\/vc_row_inner][vc_row_inner equal_height=&#8221;yes&#8221; content_placement=&#8221;top&#8221; wrap_container=&#8221;yes&#8221; animation_delay=&#8221;200&#8243; animation_type=&#8221;fadeInLeft&#8221; css=&#8221;.vc_custom_1721194616015{margin-bottom: 40px !important;padding-top: 70px !important;}&#8221;][vc_column_inner width=&#8221;1\/2&#8243;][vc_single_image image=&#8221;3609&#8243; img_size=&#8221;full&#8221;][vc_custom_heading text=&#8221;Serija <b>Arc<\/b>TIG&#8221; font_container=&#8221;tag:h2|font_size:35px|text_align:center&#8221; use_theme_fonts=&#8221;yes&#8221; css=&#8221;.vc_custom_1745830936571{margin-bottom: 20px !important;}&#8221;][vc_column_text]<\/p>\n<div style=\"text-align: center;\">\n<p style=\"font-weight: 400;\">ArcTIG inverter TIG aparati za zavarivanje su lagani, prilagodljivi i kompaktno dizajnirani. Pogodni su i za jednostavne i za zahtjevne korisnike. Namijenjeni su za zavarivanje konstrukcijskog i nehr\u0111aju\u0107eg \u010delika te aluminija. Napredne funkcije poput istosmjerne (DC) i izmjeni\u010dne (AC\/DC) struje te pulsnog na\u010dina rada jam\u010de vrhunske rezultate zavarivanja.   <\/p>\n<\/div>\n<p>[\/vc_column_text][vc_empty_space height=&#8221;52px&#8221;][vc_btn title=&#8221;Kupi&#8221; style=&#8221;outline&#8221; align=&#8221;center&#8221; skin=&#8221;dark&#8221; link=&#8221;url:https%3A%2F%2Ftrgovina.x-las.si%2Fkategorija%2Fvarilni-aparati-arc%2Ftig-varilni-aparati%2F|title:ArcTIG%20aparati%20za%20zavarivanje|target:_blank|&#8221; el_class=&#8221;btn-style-1&#8243; animation_type=&#8221;fadeInUp&#8221;][\/vc_column_inner][vc_column_inner width=&#8221;1\/2&#8243;][vc_single_image image=&#8221;3611&#8243; img_size=&#8221;full&#8221;][vc_custom_heading text=&#8221;Serija <b>MultiArc<\/b> M&#8221; font_container=&#8221;tag:h2|font_size:35px|text_align:center&#8221; use_theme_fonts=&#8221;yes&#8221; css=&#8221;.vc_custom_1745830995150{margin-bottom: 20px !important;}&#8221;][vc_column_text]<\/p>\n<p style=\"text-align: center;\">MultiArc M aparati za zavarivanje primjereni su za kori\u0161tenje i u ku\u0107noj i u profesionalnoj radionici, kao i za rad na terenu. Odlikuje ih napredna tehnologija, visoka snaga i jednostavnost upotrebe. <\/p>\n<p style=\"text-align: center;\">Dostupni su kompaktni modeli s ugra\u0111enim dodava\u010dem \u017eice, kao i sna\u017eniji sustavi namijenjeni zahtjevnijim zavariva\u010dkim zadacima. Robusna konstrukcija osigurava pouzdan i dugotrajan rad \u010dak i u zahtjevnim uvjetima, dok intuitivno su\u010delje omogu\u0107ava brzo i jednostavno prilago\u0111avanje razli\u010ditim potrebama korisnika. <\/p>\n<p>[\/vc_column_text][vc_btn title=&#8221;Kupi&#8221; style=&#8221;outline&#8221; align=&#8221;center&#8221; skin=&#8221;dark&#8221; link=&#8221;url:https%3A%2F%2Ftrgovina.x-las.si%2Fkategorija%2Fvarilni-aparati-arc%2Fmig-mag-varilni-aparati%2F|title:MultiArc%20M%20aparati%20za%20zavarivanje|target:_blank|&#8221; el_class=&#8221;btn-style-1&#8243; animation_type=&#8221;fadeInUp&#8221;][\/vc_column_inner][\/vc_row_inner][vc_row_inner equal_height=&#8221;yes&#8221; content_placement=&#8221;top&#8221; wrap_container=&#8221;yes&#8221; animation_delay=&#8221;200&#8243; animation_type=&#8221;fadeInLeft&#8221; css=&#8221;.vc_custom_1721194616015{margin-bottom: 40px !important;padding-top: 70px !important;}&#8221;][vc_column_inner width=&#8221;1\/2&#8243;][vc_single_image image=&#8221;3613&#8243; img_size=&#8221;full&#8221;][vc_custom_heading text=&#8221;Serija <b>Arc<\/b> S&#8221; font_container=&#8221;tag:h2|font_size:35px|text_align:center&#8221; use_theme_fonts=&#8221;yes&#8221; css=&#8221;.vc_custom_1745832233523{margin-bottom: 20px !important;}&#8221;][vc_column_text]<\/p>\n<div style=\"text-align: center;\">\n<p>Arc S su inverterski aparati za MMA zavarivanje za MMA s oblo\u017eenom elektrodom, prvenstveno namijenjeni za ku\u0107ne radionice. Zbog kompaktne i lagane konstrukcije idealni su i za rad na terenu. <\/p>\n<p>Napredne funkcije poput Hot Start, Arc Force i Anti Sticking osiguravaju stabilan luk i u\u010dinkovito sprje\u010davaju lijepljenje elektrode, \u0161to olak\u0161ava zavarivanje i manje iskusnim korisnicima.<\/p>\n<\/div>\n<p>[\/vc_column_text][vc_btn title=&#8221;Kupi&#8221; style=&#8221;outline&#8221; align=&#8221;center&#8221; skin=&#8221;dark&#8221; link=&#8221;url:https%3A%2F%2Ftrgovina.x-las.si%2Fkategorija%2Fvarilni-aparati-arc%2Fmma-varilni-aparati%2F|title:Arc%20S%20aparati%20za%20zavarivanje|target:_blank|&#8221; el_class=&#8221;btn-style-1&#8243; animation_type=&#8221;fadeInUp&#8221;][\/vc_column_inner][vc_column_inner width=&#8221;1\/2&#8243;][\/vc_column_inner][\/vc_row_inner][\/vc_column][\/vc_row][vc_row][vc_column][vc_btn title=&#8221;Prenesi PDF prezentaciju&#8221; style=&#8221;outline&#8221; align=&#8221;center&#8221; skin=&#8221;dark&#8221; link=&#8221;url:https%3A%2F%2Fwww.x-las.si%2Fwp-content%2Fuploads%2F2025%2F06%2FARC-Hanker-brosura_OnLine-HR.pdf|title:Aparati%20za%20zavarivanje%20serije%20ARC|target:_blank|&#8221; el_class=&#8221;btn-style-1&#8243; animation_type=&#8221;fadeInUp&#8221;][\/vc_column][\/vc_row][vc_row][vc_column width=&#8221;1\/4&#8243;][\/vc_column][vc_column width=&#8221;1\/2&#8243;][\/vc_column][vc_column width=&#8221;1\/4&#8243;][\/vc_column][\/vc_row]<\/p>\n<\/div>","protected":false},"excerpt":{"rendered":"<p>[vc_row wrap_container=&#8221;yes&#8221;][vc_column][vc_row_inner content_placement=&#8221;middle&#8221; animation_delay=&#8221;200&#8243; animation_type=&#8221;fadeInRight&#8221; css=&#8221;.vc_custom_1560189098859{padding-top: 70px !important;}&#8221;][vc_column_inner width=&#8221;1\/6&#8243;][\/vc_column_inner][vc_column_inner width=&#8221;2\/3&#8243;][vc_custom_heading text=&#8221;Aparati za zavarivanje ARC&#8221; font_container=&#8221;tag:h1|font_size:36px|text_align:center&#8221; use_theme_fonts=&#8221;yes&#8221; css=&#8221;.vc_custom_1745827859572{margin-bottom: 30px !important;}&#8221;][vc_custom_heading text=&#8221;Aparati za zavarivanje serije ARC spajaju naprednu tehnologiju, visoku snagu i jednostavnost kori\u0161tenja. Primjereni su i za ku\u0107ne majstore i za profesionalce, jer omogu\u0107uju zavarivanje raznih materijala, bilo u radionici ili na terenu. Kompaktan dizajn, robusnost [&hellip;]<\/p>\n","protected":false},"author":6,"featured_media":0,"parent":0,"menu_order":0,"comment_status":"closed","ping_status":"closed","template":"","meta":{"_monsterinsights_skip_tracking":false,"_monsterinsights_sitenote_active":false,"_monsterinsights_sitenote_note":"","_monsterinsights_sitenote_category":0,"footnotes":""},"class_list":["post-3865","page","type-page","status-publish","hentry"],"_links":{"self":[{"href":"https:\/\/www.x-las.si\/hr\/wp-json\/wp\/v2\/pages\/3865"}],"collection":[{"href":"https:\/\/www.x-las.si\/hr\/wp-json\/wp\/v2\/pages"}],"about":[{"href":"https:\/\/www.x-las.si\/hr\/wp-json\/wp\/v2\/types\/page"}],"author":[{"embeddable":true,"href":"https:\/\/www.x-las.si\/hr\/wp-json\/wp\/v2\/users\/6"}],"replies":[{"embeddable":true,"href":"https:\/\/www.x-las.si\/hr\/wp-json\/wp\/v2\/comments?post=3865"}],"version-history":[{"count":9,"href":"https:\/\/www.x-las.si\/hr\/wp-json\/wp\/v2\/pages\/3865\/revisions"}],"predecessor-version":[{"id":3877,"href":"https:\/\/www.x-las.si\/hr\/wp-json\/wp\/v2\/pages\/3865\/revisions\/3877"}],"wp:attachment":[{"href":"https:\/\/www.x-las.si\/hr\/wp-json\/wp\/v2\/media?parent=3865"}],"curies":[{"name":"wp","href":"https:\/\/api.w.org\/{rel}","templated":true}]}}